

{"id":13663,"date":"2025-01-20T11:51:42","date_gmt":"2025-01-20T10:51:42","guid":{"rendered":"https:\/\/fapacastello.com\/?page_id=13663\/"},"modified":"2025-02-05T09:37:14","modified_gmt":"2025-02-05T08:37:14","slug":"cursos-2-2","status":"publish","type":"page","link":"http:\/\/fapacastello.com\/es\/cursos-2-2\/","title":{"rendered":"La FAMPA te forma 2024-2025"},"content":{"rendered":"\n<figure class=\"wp-block-image size-large\"><img loading=\"lazy\" width=\"1024\" height=\"448\" src=\"https:\/\/fapacastello.com\/wp-content\/uploads\/2025\/01\/BANNERS-WEB-3-1024x448.jpg\" alt=\"\" class=\"wp-image-13676\" srcset=\"http:\/\/fapacastello.com\/wp-content\/uploads\/2025\/01\/BANNERS-WEB-3-1024x448.jpg 1024w, http:\/\/fapacastello.com\/wp-content\/uploads\/2025\/01\/BANNERS-WEB-3-300x131.jpg 300w, http:\/\/fapacastello.com\/wp-content\/uploads\/2025\/01\/BANNERS-WEB-3-768x336.jpg 768w, http:\/\/fapacastello.com\/wp-content\/uploads\/2025\/01\/BANNERS-WEB-3-1536x672.jpg 1536w, http:\/\/fapacastello.com\/wp-content\/uploads\/2025\/01\/BANNERS-WEB-3-260x114.jpg 260w, http:\/\/fapacastello.com\/wp-content\/uploads\/2025\/01\/BANNERS-WEB-3-50x22.jpg 50w, http:\/\/fapacastello.com\/wp-content\/uploads\/2025\/01\/BANNERS-WEB-3-150x66.jpg 150w, http:\/\/fapacastello.com\/wp-content\/uploads\/2025\/01\/BANNERS-WEB-3.jpg 2000w\" sizes=\"(max-width: 1024px) 100vw, 1024px\" \/><\/figure>\n\n\n\n<p>Formaciones gratuitas dirigidas a familias (padres, madres, tutores\/as) de AFA federadas. Solo se pueden elegir <strong>dos formaciones por AFA federada.<\/strong><\/p>\n\n\n\n<p>Las formaciones se deber\u00e1n realizar <strong>de febrero a mayo de 2025<\/strong>.<\/p>\n\n\n\n<p>Si vuestra AFA est\u00e1 interesada en cualquiera de ellas, rellenad este formulario: <a href=\"https:\/\/forms.gle\/xiV5eHAwxCC6CWgr9\">https:\/\/forms.gle\/xiV5eHAwxCC6CWgr9<\/a>.<\/p>\n\n\n\n<p>A continuaci\u00f3n os dejamos el listado de los cursos y charlas que ofrecemos.<\/p>\n\n\n\n<div class=\"wp-block-file\"><object class=\"wp-block-file__embed\" data=\"https:\/\/fapacastello.com\/wp-content\/uploads\/2025\/02\/La-FAMPA-et-forma-2024-2025-xarxes-VAL-CAS.pdf\" type=\"application\/pdf\" style=\"width:100%;height:600px\" aria-label=\"Incrustado de La-FAMPA-et-forma-2024-2025-xarxes-VAL-CAS.\"><\/object><a id=\"wp-block-file--media-f03d3e2f-77c9-459f-b126-587d9a9acec3\" href=\"https:\/\/fapacastello.com\/wp-content\/uploads\/2025\/02\/La-FAMPA-et-forma-2024-2025-xarxes-VAL-CAS.pdf\">La-FAMPA-et-forma-2024-2025-xarxes-VAL-CAS<\/a><a href=\"https:\/\/fapacastello.com\/wp-content\/uploads\/2025\/02\/La-FAMPA-et-forma-2024-2025-xarxes-VAL-CAS.pdf\" class=\"wp-block-file__button\" download aria-describedby=\"wp-block-file--media-f03d3e2f-77c9-459f-b126-587d9a9acec3\">Descarga<\/a><\/div>\n\n\n\n<hr class=\"wp-block-separator has-alpha-channel-opacity is-style-dots\"\/>\n\n\n\n<h3>M\u00e1s informaci\u00f3n:<\/h3>\n\n\n\n<h4><strong>\u00bfA qui\u00e9n van dirigidas las charlas?<\/strong><\/h4>\n\n\n\n<ul><li>Las charlas est\u00e1n dise\u00f1adas para las familias del centro educativo.<\/li><li>Estas charlas no est\u00e1n dirigidas a ni\u00f1os y ni\u00f1as, excepto las actividades marcadas como \u201cMixto\u201d, que son para realizar conjuntamente con los hijos\/as.<\/li><\/ul>\n\n\n\n<h4><strong>\u00bfC\u00f3mo funciona el proceso de solicitud?<\/strong><\/h4>\n\n\n\n<ol><li><strong>Selecci\u00f3n de charlas<\/strong>: Cada AFA puede solicitar un m\u00e1ximo de <strong>dos charlas<\/strong>.<\/li><li><strong>Comunicaci\u00f3n con FAMPA<\/strong>:<ul><li>Rellenad el formulario de solicitud a trav\u00e9s de este enlace: <a href=\"https:\/\/forms.gle\/bverNjBezAnnXAg9A\">Formulario de solicitud<\/a>.<\/li><li>La FAMPA contactar\u00e1 con el formador\/a asignado y despu\u00e9s con vosotros para cerrar los detalles de la formaci\u00f3n.<\/li><\/ul><\/li><li><strong>Difusi\u00f3n<\/strong>:<ul><li>Una vez confirmada la charla, tendr\u00e9is que rellenar otro formulario que os facilitaremos para que la FAMPA os realice carteler\u00eda para la promoci\u00f3n, si lo necesit\u00e1is.<\/li><\/ul><\/li><\/ol>\n\n\n\n<h4><strong>Plazo para solicitar las formaciones<\/strong><\/h4>\n\n\n\n<ul><li><strong>Las charlas se realizar\u00e1n entre el 1 de febrero y el 31 de mayo de 2025.<\/strong><\/li><\/ul>\n\n\n\n<hr class=\"wp-block-separator has-alpha-channel-opacity is-style-dots\"\/>\n\n\n\n<div class=\"wp-container-6 is-nowrap wp-block-group\">\n<div class=\"wp-container-5 is-vertical wp-block-group\">\n<div class=\"wp-container-4 wp-block-columns\">\n<div class=\"wp-container-1 wp-block-column\">\n<p style=\"font-size:17px\">Adem\u00e1s, si quer\u00e9is m\u00e1s informaci\u00f3n sobre las formaciones y talleres, pod\u00e9is consultar el siguiente documento:<\/p>\n<\/div>\n\n\n\n<div class=\"wp-container-3 wp-block-column\">\n<div class=\"wp-container-2 is-content-justification-center wp-block-buttons\">\n<div class=\"wp-block-button\"><a class=\"wp-block-button__link has-background\" href=\"https:\/\/docs.google.com\/document\/d\/1HhKDLpaLILy4wKuAqEkLSvPyC7nd6ARQiYg-3bD0Nlk\/edit?usp=sharing\" style=\"background-color:#82a63c\">Informaci\u00f3n talleres y charlas<\/a><\/div>\n<\/div>\n<\/div>\n<\/div>\n<\/div>\n<\/div>\n\n\n\n<div class=\"wp-container-12 is-nowrap wp-block-group\">\n<div class=\"wp-container-11 is-vertical wp-block-group\">\n<div class=\"wp-container-10 wp-block-columns\">\n<div class=\"wp-container-7 wp-block-column\">\n<p style=\"font-size:17px\">Tambi\u00e9n pod\u00e9is ver los v\u00eddeos en los que los mismos formadores os dan informaci\u00f3n sobre las charlas:<\/p>\n<\/div>\n\n\n\n<div class=\"wp-container-9 wp-block-column\">\n<div class=\"wp-container-8 is-content-justification-center wp-block-buttons\">\n<div class=\"wp-block-button\"><a class=\"wp-block-button__link has-background\" href=\"https:\/\/www.youtube.com\/playlist?list=PLqCXj2IzME4i2d4HnSUAHrThZyfQ-FTnC\" style=\"background-color:#82a63c\">V\u00eddeos de los formadores\/as<\/a><\/div>\n<\/div>\n<\/div>\n<\/div>\n<\/div>\n<\/div>\n\n\n\n<hr class=\"wp-block-separator has-alpha-channel-opacity is-style-dots\"\/>\n\n\n\n<p class=\"has-text-align-center\"><strong>\u2709\ufe0f <\/strong><a href=\"mailto:formacion@fampacastello.org\"><strong>formacion@fampacastello.org<\/strong><\/a><\/p>\n\n\n\n<p class=\"has-text-align-center\">\ud83d\udcde <strong>656 84 14 15<\/strong><\/p>\n\n\n\n<hr class=\"wp-block-separator has-alpha-channel-opacity is-style-dots\"\/>\n\n\n\n<hr class=\"wp-block-separator has-alpha-channel-opacity is-style-wide\"\/>\n\n\n\n<hr class=\"wp-block-separator has-alpha-channel-opacity is-style-dots\"\/>\n\n\n\n<div class=\"wp-container-15 wp-block-columns\">\n<div class=\"wp-container-13 wp-block-column has-black-color has-text-color\">\n<p class=\"has-text-align-center has-black-color has-text-color\" style=\"font-size:15px\"><strong>Normas para solicitar las formaciones o los talleres<\/strong><\/p>\n\n\n\n<ul class=\"has-small-font-size\"><li>Este curso, cada AFA podr\u00e1 disfrutar de un m\u00e1ximo de <strong>DOS formaciones o talleres<\/strong>.<\/li><li>Todas las formaciones y los talleres ser\u00e1n impartidos por los formadores de la FAMPA Castell\u00f3 Penyagolosa, y se llevar\u00e1n a cabo seg\u00fan el orden de llegada de las solicitudes.<\/li><li>Las AMPA solicitantes se encargar\u00e1n de la organizaci\u00f3n de la charla o jornada y deber\u00e1n entregar (antes de la realizaci\u00f3n de la charla) el certificado del centro educativo donde se realice la formaci\u00f3n o el taller (original, firmado por el director y el secretario del centro con el sello del mismo).<\/li><li>Las charlas que se realicen durante el a\u00f1o educativo ser\u00e1n las aprobadas en los proyectos de actividades de la Confederaci\u00f3n Gonzalo Anaya y FAMPA Castell\u00f3 Penyagolosa. Ambas aprobadas por sus asambleas, y podr\u00e1n llevarse a cabo en d\u00edas laborables y en un horario que favorezca la mayor asistencia de padres y madres.<\/li><\/ul>\n<\/div>\n\n\n\n<div class=\"wp-container-14 wp-block-column has-black-color has-text-color\">\n<p class=\"has-text-align-center has-black-color has-text-color\" style=\"font-size:15px\"><strong>M\u00e1s informaci\u00f3<\/strong>n<\/p>\n\n\n\n<ul class=\"has-black-color has-text-color has-small-font-size\"><li>El objetivo es que las charlas lleguen al m\u00e1ximo n\u00famero de padres, madres o tutores\/as. Para garantizarlo, se establecer\u00e1 un sistema <strong>Inter-AMPA<\/strong>.<\/li><\/ul>\n\n\n\n<ul class=\"has-black-color has-text-color has-small-font-size\"><li>Los formadores se encargar\u00e1n de realizar el control de asistencia mediante un formato est\u00e1ndar, que contenga el nombre y apellidos del asistente, la AMPA y la localidad.<\/li><\/ul>\n<\/div>\n<\/div>\n","protected":false},"excerpt":{"rendered":"<p>Formaciones gratuitas dirigidas a familias (padres, madres, tutores\/as) de AFA federadas. Solo se pueden elegir dos formaciones por AFA federada. Las formaciones se deber\u00e1n realizar de febrero a mayo de 2025. Si vuestra AFA est\u00e1 interesada en cualquiera de ellas, rellenad este formulario: https:\/\/forms.gle\/xiV5eHAwxCC6CWgr9. A continuaci\u00f3n os dejamos el listado de los cursos y charlas que ofrecemos. M\u00e1s informaci\u00f3n: \u00bfA qui\u00e9n van dirigidas las charlas? Las charlas est\u00e1n dise\u00f1adas para las familias del centro educativo. Estas charlas no est\u00e1n dirigidas a ni\u00f1os y ni\u00f1as, excepto las actividades marcadas como \u201cMixto\u201d, que son para realizar conjuntamente con los hijos\/as. \u00bfC\u00f3mo funciona el proceso de solicitud? Selecci\u00f3n de charlas: Cada AFA puede solicitar un m\u00e1ximo de dos charlas. Comunicaci\u00f3n con FAMPA: Rellenad el formulario de solicitud a trav\u00e9s de este enlace: Formulario de solicitud. La FAMPA contactar\u00e1 con el formador\/a asignado y despu\u00e9s con vosotros para cerrar los detalles de la formaci\u00f3n. Difusi\u00f3n: Una vez confirmada la charla, tendr\u00e9is que rellenar otro formulario que os facilitaremos para que la FAMPA os realice carteler\u00eda para la promoci\u00f3n, si lo necesit\u00e1is. Plazo para solicitar las formaciones Las charlas se realizar\u00e1n entre el 1 de febrero y el 31 de mayo de 2025. Adem\u00e1s, si [&hellip;]<\/p>\n","protected":false},"author":10,"featured_media":0,"parent":0,"menu_order":0,"comment_status":"closed","ping_status":"closed","template":"","meta":[],"yoast_head":"<!-- This site is optimized with the Yoast SEO plugin v19.2 - https:\/\/yoast.com\/wordpress\/plugins\/seo\/ -->\n<title>La FAMPA te forma 2024-2025 | FAMPA Castell\u00f3 Penyagolosa<\/title>\n<meta name=\"description\" content=\"Xerrades i tallers gratu\u00efts adre\u00e7ades a fam\u00edlies (pares, mares, tutors\/es) d&#039;AMPA federades. Curs 2023-2024.\" \/>\n<meta name=\"robots\" content=\"index, follow, max-snippet:-1, max-image-preview:large, max-video-preview:-1\" \/>\n<link rel=\"canonical\" href=\"http:\/\/fapacastello.com\/es\/cursos-2-2\/\" \/>\n<meta property=\"og:locale\" content=\"es_ES\" \/>\n<meta property=\"og:type\" content=\"article\" \/>\n<meta property=\"og:title\" content=\"La FAMPA te forma 2024-2025 | FAMPA Castell\u00f3 Penyagolosa\" \/>\n<meta property=\"og:description\" content=\"Xerrades i tallers gratu\u00efts adre\u00e7ades a fam\u00edlies (pares, mares, tutors\/es) d&#039;AMPA federades. Curs 2023-2024.\" \/>\n<meta property=\"og:url\" content=\"http:\/\/fapacastello.com\/es\/cursos-2-2\/\" \/>\n<meta property=\"og:site_name\" content=\"FAMPA Castell\u00f3 Penyagolosa\" \/>\n<meta property=\"article:publisher\" content=\"http:\/\/www.facebook.com\/fapa.penyagolosa\" \/>\n<meta property=\"article:modified_time\" content=\"2025-02-05T08:37:14+00:00\" \/>\n<meta property=\"og:image\" content=\"https:\/\/fapacastello.com\/wp-content\/uploads\/2025\/01\/BANNERS-WEB-3-1024x448.jpg\" \/>\n<meta name=\"author\" content=\"Raquel Garc\u00eda\" \/>\n<meta name=\"twitter:card\" content=\"summary\" \/>\n<meta name=\"twitter:site\" content=\"@FAMPACS\" \/>\n<meta name=\"twitter:label1\" content=\"Tiempo de lectura\" \/>\n\t<meta name=\"twitter:data1\" content=\"3 minutos\" \/>\n<script type=\"application\/ld+json\" class=\"yoast-schema-graph\">{\"@context\":\"https:\/\/schema.org\",\"@graph\":[{\"@type\":\"WebSite\",\"@id\":\"https:\/\/fapacastello.com\/#website\",\"url\":\"https:\/\/fapacastello.com\/\",\"name\":\"FAMPA Castell\u00f3 Penyagolosa\",\"description\":\"Fapa-Castell\u00f3n Penyagolosa. Federaci\u00f3n de Asociaciones de Padres i Madres de Alumnos Provincia de Castell\u00f3n.\",\"potentialAction\":[{\"@type\":\"SearchAction\",\"target\":{\"@type\":\"EntryPoint\",\"urlTemplate\":\"https:\/\/fapacastello.com\/?s={search_term_string}\"},\"query-input\":\"required name=search_term_string\"}],\"inLanguage\":\"es\"},{\"@type\":\"ImageObject\",\"inLanguage\":\"es\",\"@id\":\"http:\/\/fapacastello.com\/es\/cursos-2-2\/#primaryimage\",\"url\":\"https:\/\/fapacastello.com\/wp-content\/uploads\/2025\/01\/BANNERS-WEB-3-1024x448.jpg\",\"contentUrl\":\"https:\/\/fapacastello.com\/wp-content\/uploads\/2025\/01\/BANNERS-WEB-3-1024x448.jpg\"},{\"@type\":\"WebPage\",\"@id\":\"http:\/\/fapacastello.com\/es\/cursos-2-2\/#webpage\",\"url\":\"http:\/\/fapacastello.com\/es\/cursos-2-2\/\",\"name\":\"La FAMPA te forma 2024-2025 | FAMPA Castell\u00f3 Penyagolosa\",\"isPartOf\":{\"@id\":\"https:\/\/fapacastello.com\/#website\"},\"primaryImageOfPage\":{\"@id\":\"http:\/\/fapacastello.com\/es\/cursos-2-2\/#primaryimage\"},\"datePublished\":\"2025-01-20T10:51:42+00:00\",\"dateModified\":\"2025-02-05T08:37:14+00:00\",\"description\":\"Xerrades i tallers gratu\u00efts adre\u00e7ades a fam\u00edlies (pares, mares, tutors\/es) d'AMPA federades. Curs 2023-2024.\",\"breadcrumb\":{\"@id\":\"http:\/\/fapacastello.com\/es\/cursos-2-2\/#breadcrumb\"},\"inLanguage\":\"es\",\"potentialAction\":[{\"@type\":\"ReadAction\",\"target\":[\"http:\/\/fapacastello.com\/es\/cursos-2-2\/\"]}]},{\"@type\":\"BreadcrumbList\",\"@id\":\"http:\/\/fapacastello.com\/es\/cursos-2-2\/#breadcrumb\",\"itemListElement\":[{\"@type\":\"ListItem\",\"position\":1,\"name\":\"Portada\",\"item\":\"https:\/\/fapacastello.com\/es\/\"},{\"@type\":\"ListItem\",\"position\":2,\"name\":\"La FAMPA te forma 2024-2025\"}]}]}<\/script>\n<!-- \/ Yoast SEO plugin. -->","yoast_head_json":{"title":"La FAMPA te forma 2024-2025 | FAMPA Castell\u00f3 Penyagolosa","description":"Xerrades i tallers gratu\u00efts adre\u00e7ades a fam\u00edlies (pares, mares, tutors\/es) d'AMPA federades. Curs 2023-2024.","robots":{"index":"index","follow":"follow","max-snippet":"max-snippet:-1","max-image-preview":"max-image-preview:large","max-video-preview":"max-video-preview:-1"},"canonical":"http:\/\/fapacastello.com\/es\/cursos-2-2\/","og_locale":"es_ES","og_type":"article","og_title":"La FAMPA te forma 2024-2025 | FAMPA Castell\u00f3 Penyagolosa","og_description":"Xerrades i tallers gratu\u00efts adre\u00e7ades a fam\u00edlies (pares, mares, tutors\/es) d'AMPA federades. Curs 2023-2024.","og_url":"http:\/\/fapacastello.com\/es\/cursos-2-2\/","og_site_name":"FAMPA Castell\u00f3 Penyagolosa","article_publisher":"http:\/\/www.facebook.com\/fapa.penyagolosa","article_modified_time":"2025-02-05T08:37:14+00:00","og_image":[{"url":"https:\/\/fapacastello.com\/wp-content\/uploads\/2025\/01\/BANNERS-WEB-3-1024x448.jpg"}],"author":"Raquel Garc\u00eda","twitter_card":"summary","twitter_site":"@FAMPACS","twitter_misc":{"Tiempo de lectura":"3 minutos"},"schema":{"@context":"https:\/\/schema.org","@graph":[{"@type":"WebSite","@id":"https:\/\/fapacastello.com\/#website","url":"https:\/\/fapacastello.com\/","name":"FAMPA Castell\u00f3 Penyagolosa","description":"Fapa-Castell\u00f3n Penyagolosa. Federaci\u00f3n de Asociaciones de Padres i Madres de Alumnos Provincia de Castell\u00f3n.","potentialAction":[{"@type":"SearchAction","target":{"@type":"EntryPoint","urlTemplate":"https:\/\/fapacastello.com\/?s={search_term_string}"},"query-input":"required name=search_term_string"}],"inLanguage":"es"},{"@type":"ImageObject","inLanguage":"es","@id":"http:\/\/fapacastello.com\/es\/cursos-2-2\/#primaryimage","url":"https:\/\/fapacastello.com\/wp-content\/uploads\/2025\/01\/BANNERS-WEB-3-1024x448.jpg","contentUrl":"https:\/\/fapacastello.com\/wp-content\/uploads\/2025\/01\/BANNERS-WEB-3-1024x448.jpg"},{"@type":"WebPage","@id":"http:\/\/fapacastello.com\/es\/cursos-2-2\/#webpage","url":"http:\/\/fapacastello.com\/es\/cursos-2-2\/","name":"La FAMPA te forma 2024-2025 | FAMPA Castell\u00f3 Penyagolosa","isPartOf":{"@id":"https:\/\/fapacastello.com\/#website"},"primaryImageOfPage":{"@id":"http:\/\/fapacastello.com\/es\/cursos-2-2\/#primaryimage"},"datePublished":"2025-01-20T10:51:42+00:00","dateModified":"2025-02-05T08:37:14+00:00","description":"Xerrades i tallers gratu\u00efts adre\u00e7ades a fam\u00edlies (pares, mares, tutors\/es) d'AMPA federades. Curs 2023-2024.","breadcrumb":{"@id":"http:\/\/fapacastello.com\/es\/cursos-2-2\/#breadcrumb"},"inLanguage":"es","potentialAction":[{"@type":"ReadAction","target":["http:\/\/fapacastello.com\/es\/cursos-2-2\/"]}]},{"@type":"BreadcrumbList","@id":"http:\/\/fapacastello.com\/es\/cursos-2-2\/#breadcrumb","itemListElement":[{"@type":"ListItem","position":1,"name":"Portada","item":"https:\/\/fapacastello.com\/es\/"},{"@type":"ListItem","position":2,"name":"La FAMPA te forma 2024-2025"}]}]}},"_links":{"self":[{"href":"http:\/\/fapacastello.com\/es\/wp-json\/wp\/v2\/pages\/13663"}],"collection":[{"href":"http:\/\/fapacastello.com\/es\/wp-json\/wp\/v2\/pages"}],"about":[{"href":"http:\/\/fapacastello.com\/es\/wp-json\/wp\/v2\/types\/page"}],"author":[{"embeddable":true,"href":"http:\/\/fapacastello.com\/es\/wp-json\/wp\/v2\/users\/10"}],"replies":[{"embeddable":true,"href":"http:\/\/fapacastello.com\/es\/wp-json\/wp\/v2\/comments?post=13663"}],"version-history":[{"count":8,"href":"http:\/\/fapacastello.com\/es\/wp-json\/wp\/v2\/pages\/13663\/revisions"}],"predecessor-version":[{"id":13802,"href":"http:\/\/fapacastello.com\/es\/wp-json\/wp\/v2\/pages\/13663\/revisions\/13802"}],"wp:attachment":[{"href":"http:\/\/fapacastello.com\/es\/wp-json\/wp\/v2\/media?parent=13663"}],"curies":[{"name":"wp","href":"https:\/\/api.w.org\/{rel}","templated":true}]}}