

{"id":3610,"date":"2016-03-17T16:30:43","date_gmt":"2016-03-17T16:30:43","guid":{"rendered":"http:\/\/fapacastellon.mindthebrand.com\/?page_id=3610"},"modified":"2016-11-26T17:17:58","modified_gmt":"2016-11-26T16:17:58","slug":"como-crear-un-ampa","status":"publish","type":"page","link":"http:\/\/fapacastello.com\/es\/como-crear-un-ampa\/","title":{"rendered":"C\u00f3mo crear un AMPA"},"content":{"rendered":"","protected":false},"excerpt":{"rendered":"","protected":false},"author":5,"featured_media":0,"parent":0,"menu_order":0,"comment_status":"closed","ping_status":"closed","template":"","meta":[],"yoast_head":"<!-- This site is optimized with the Yoast SEO plugin v19.2 - https:\/\/yoast.com\/wordpress\/plugins\/seo\/ -->\n<title>C\u00f3mo crear un AMPA | FAMPA Castell\u00f3 Penyagolosa<\/title>\n<meta name=\"robots\" content=\"index, follow, max-snippet:-1, max-image-preview:large, max-video-preview:-1\" \/>\n<link rel=\"canonical\" href=\"https:\/\/fapacastello.com\/es\/como-crear-un-ampa\/\" \/>\n<meta property=\"og:locale\" content=\"es_ES\" \/>\n<meta property=\"og:type\" content=\"article\" \/>\n<meta property=\"og:title\" content=\"C\u00f3mo crear un AMPA | FAMPA Castell\u00f3 Penyagolosa\" \/>\n<meta property=\"og:url\" content=\"https:\/\/fapacastello.com\/es\/como-crear-un-ampa\/\" \/>\n<meta property=\"og:site_name\" content=\"FAMPA Castell\u00f3 Penyagolosa\" \/>\n<meta property=\"article:publisher\" content=\"http:\/\/www.facebook.com\/fapa.penyagolosa\" \/>\n<meta property=\"article:modified_time\" content=\"2016-11-26T16:17:58+00:00\" \/>\n<meta name=\"author\" content=\"FAMPA Castell\u00f3\" \/>\n<meta name=\"twitter:card\" content=\"summary\" \/>\n<meta name=\"twitter:site\" content=\"@FAMPACS\" \/>\n<script type=\"application\/ld+json\" class=\"yoast-schema-graph\">{\"@context\":\"https:\/\/schema.org\",\"@graph\":[{\"@type\":\"WebSite\",\"@id\":\"http:\/\/fapacastello.com\/#website\",\"url\":\"http:\/\/fapacastello.com\/\",\"name\":\"FAMPA Castell\u00f3 Penyagolosa\",\"description\":\"Fapa-Castell\u00f3n Penyagolosa. Federaci\u00f3n de Asociaciones de Padres i Madres de Alumnos Provincia de Castell\u00f3n.\",\"potentialAction\":[{\"@type\":\"SearchAction\",\"target\":{\"@type\":\"EntryPoint\",\"urlTemplate\":\"http:\/\/fapacastello.com\/?s={search_term_string}\"},\"query-input\":\"required name=search_term_string\"}],\"inLanguage\":\"es\"},{\"@type\":\"WebPage\",\"@id\":\"https:\/\/fapacastello.com\/es\/como-crear-un-ampa\/#webpage\",\"url\":\"https:\/\/fapacastello.com\/es\/como-crear-un-ampa\/\",\"name\":\"C\u00f3mo crear un AMPA | FAMPA Castell\u00f3 Penyagolosa\",\"isPartOf\":{\"@id\":\"http:\/\/fapacastello.com\/#website\"},\"datePublished\":\"2016-03-17T16:30:43+00:00\",\"dateModified\":\"2016-11-26T16:17:58+00:00\",\"breadcrumb\":{\"@id\":\"https:\/\/fapacastello.com\/es\/como-crear-un-ampa\/#breadcrumb\"},\"inLanguage\":\"es\",\"potentialAction\":[{\"@type\":\"ReadAction\",\"target\":[\"https:\/\/fapacastello.com\/es\/como-crear-un-ampa\/\"]}]},{\"@type\":\"BreadcrumbList\",\"@id\":\"https:\/\/fapacastello.com\/es\/como-crear-un-ampa\/#breadcrumb\",\"itemListElement\":[{\"@type\":\"ListItem\",\"position\":1,\"name\":\"Portada\",\"item\":\"http:\/\/fapacastello.com\/es\/\"},{\"@type\":\"ListItem\",\"position\":2,\"name\":\"C\u00f3mo crear un AMPA\"}]}]}<\/script>\n<!-- \/ Yoast SEO plugin. -->","yoast_head_json":{"title":"C\u00f3mo crear un AMPA | FAMPA Castell\u00f3 Penyagolosa","robots":{"index":"index","follow":"follow","max-snippet":"max-snippet:-1","max-image-preview":"max-image-preview:large","max-video-preview":"max-video-preview:-1"},"canonical":"https:\/\/fapacastello.com\/es\/como-crear-un-ampa\/","og_locale":"es_ES","og_type":"article","og_title":"C\u00f3mo crear un AMPA | FAMPA Castell\u00f3 Penyagolosa","og_url":"https:\/\/fapacastello.com\/es\/como-crear-un-ampa\/","og_site_name":"FAMPA Castell\u00f3 Penyagolosa","article_publisher":"http:\/\/www.facebook.com\/fapa.penyagolosa","article_modified_time":"2016-11-26T16:17:58+00:00","author":"FAMPA Castell\u00f3","twitter_card":"summary","twitter_site":"@FAMPACS","schema":{"@context":"https:\/\/schema.org","@graph":[{"@type":"WebSite","@id":"http:\/\/fapacastello.com\/#website","url":"http:\/\/fapacastello.com\/","name":"FAMPA Castell\u00f3 Penyagolosa","description":"Fapa-Castell\u00f3n Penyagolosa. Federaci\u00f3n de Asociaciones de Padres i Madres de Alumnos Provincia de Castell\u00f3n.","potentialAction":[{"@type":"SearchAction","target":{"@type":"EntryPoint","urlTemplate":"http:\/\/fapacastello.com\/?s={search_term_string}"},"query-input":"required name=search_term_string"}],"inLanguage":"es"},{"@type":"WebPage","@id":"https:\/\/fapacastello.com\/es\/como-crear-un-ampa\/#webpage","url":"https:\/\/fapacastello.com\/es\/como-crear-un-ampa\/","name":"C\u00f3mo crear un AMPA | FAMPA Castell\u00f3 Penyagolosa","isPartOf":{"@id":"http:\/\/fapacastello.com\/#website"},"datePublished":"2016-03-17T16:30:43+00:00","dateModified":"2016-11-26T16:17:58+00:00","breadcrumb":{"@id":"https:\/\/fapacastello.com\/es\/como-crear-un-ampa\/#breadcrumb"},"inLanguage":"es","potentialAction":[{"@type":"ReadAction","target":["https:\/\/fapacastello.com\/es\/como-crear-un-ampa\/"]}]},{"@type":"BreadcrumbList","@id":"https:\/\/fapacastello.com\/es\/como-crear-un-ampa\/#breadcrumb","itemListElement":[{"@type":"ListItem","position":1,"name":"Portada","item":"http:\/\/fapacastello.com\/es\/"},{"@type":"ListItem","position":2,"name":"C\u00f3mo crear un AMPA"}]}]}},"_links":{"self":[{"href":"http:\/\/fapacastello.com\/es\/wp-json\/wp\/v2\/pages\/3610"}],"collection":[{"href":"http:\/\/fapacastello.com\/es\/wp-json\/wp\/v2\/pages"}],"about":[{"href":"http:\/\/fapacastello.com\/es\/wp-json\/wp\/v2\/types\/page"}],"author":[{"embeddable":true,"href":"http:\/\/fapacastello.com\/es\/wp-json\/wp\/v2\/users\/5"}],"replies":[{"embeddable":true,"href":"http:\/\/fapacastello.com\/es\/wp-json\/wp\/v2\/comments?post=3610"}],"version-history":[{"count":2,"href":"http:\/\/fapacastello.com\/es\/wp-json\/wp\/v2\/pages\/3610\/revisions"}],"predecessor-version":[{"id":4177,"href":"http:\/\/fapacastello.com\/es\/wp-json\/wp\/v2\/pages\/3610\/revisions\/4177"}],"wp:attachment":[{"href":"http:\/\/fapacastello.com\/es\/wp-json\/wp\/v2\/media?parent=3610"}],"curies":[{"name":"wp","href":"https:\/\/api.w.org\/{rel}","templated":true}]}}