

{"id":10819,"date":"2023-10-17T10:20:52","date_gmt":"2023-10-17T08:20:52","guid":{"rendered":"http:\/\/fapacastello.com\/?page_id=10819\/"},"modified":"2023-10-19T09:33:36","modified_gmt":"2023-10-19T07:33:36","slug":"cursos-2","status":"publish","type":"page","link":"https:\/\/fapacastello.com\/es\/cursos-2\/","title":{"rendered":"La FAMPA te forma 2023-2024"},"content":{"rendered":"\n<figure class=\"wp-block-image size-large\"><img loading=\"lazy\" width=\"1024\" height=\"448\" src=\"http:\/\/fapacastello.com\/wp-content\/uploads\/2023\/09\/BANNERS-WEB-5-1024x448.jpg\" alt=\"\" class=\"wp-image-10835\" srcset=\"https:\/\/fapacastello.com\/wp-content\/uploads\/2023\/09\/BANNERS-WEB-5-1024x448.jpg 1024w, https:\/\/fapacastello.com\/wp-content\/uploads\/2023\/09\/BANNERS-WEB-5-300x131.jpg 300w, https:\/\/fapacastello.com\/wp-content\/uploads\/2023\/09\/BANNERS-WEB-5-768x336.jpg 768w, https:\/\/fapacastello.com\/wp-content\/uploads\/2023\/09\/BANNERS-WEB-5-1536x672.jpg 1536w, https:\/\/fapacastello.com\/wp-content\/uploads\/2023\/09\/BANNERS-WEB-5-260x114.jpg 260w, https:\/\/fapacastello.com\/wp-content\/uploads\/2023\/09\/BANNERS-WEB-5-50x22.jpg 50w, https:\/\/fapacastello.com\/wp-content\/uploads\/2023\/09\/BANNERS-WEB-5-150x66.jpg 150w, https:\/\/fapacastello.com\/wp-content\/uploads\/2023\/09\/BANNERS-WEB-5.jpg 2000w\" sizes=\"(max-width: 1024px) 100vw, 1024px\" \/><\/figure>\n\n\n\n<hr class=\"wp-block-separator has-alpha-channel-opacity is-style-dots\"\/>\n\n\n\n<p style=\"font-size:17px\">A continuaci\u00f3n os dejamos un listado de los cursos y charlas que os ofreceremos para el curso 2023-2024.<\/p>\n\n\n\n<p style=\"font-size:17px\">Si vuestra AMPA est\u00e1 interesada en cualquiera de ellas, pod\u00e9is contactar con nosotros para solicitarla.<\/p>\n\n\n\n<hr class=\"wp-block-separator has-alpha-channel-opacity is-style-dots\"\/>\n\n\n\n<div class=\"wp-container-5 wp-block-columns\">\n<div class=\"wp-container-4 wp-block-column\" style=\"flex-basis:100%\">\n<div class=\"wp-container-3 wp-block-columns\">\n<div class=\"wp-container-1 wp-block-column\">\n<p class=\"has-text-align-center has-medium-font-size\">\ud83d\udcde <strong>656 84 14 15<\/strong><\/p>\n<\/div>\n\n\n\n<div class=\"wp-container-2 wp-block-column\">\n<p class=\"has-medium-font-size\">\u2709\ufe0f <a href=\"mailto:formacion@fampacastello.org\">formacion@fampacastello.org<\/a><\/p>\n<\/div>\n<\/div>\n<\/div>\n<\/div>\n\n\n\n<hr class=\"wp-block-separator has-alpha-channel-opacity is-style-dots\"\/>\n\n\n\n<div class=\"wp-block-file\"><object class=\"wp-block-file__embed\" data=\"http:\/\/fapacastello.com\/wp-content\/uploads\/2023\/09\/La-FAMPA-et-forma-202324-VAL-i-CAS-2.pdf\" type=\"application\/pdf\" style=\"width:100%;height:600px\" aria-label=\"Incrustado de La FAMPA et forma 2023-2024.\"><\/object><a id=\"wp-block-file--media-dbd1e7b3-b33a-4a09-bf01-3ad4593bc5e2\" href=\"http:\/\/fapacastello.com\/wp-content\/uploads\/2023\/09\/La-FAMPA-et-forma-202324-VAL-i-CAS-2.pdf\">La FAMPA et forma 2023-2024<\/a><a href=\"http:\/\/fapacastello.com\/wp-content\/uploads\/2023\/09\/La-FAMPA-et-forma-202324-VAL-i-CAS-2.pdf\" class=\"wp-block-file__button\" download aria-describedby=\"wp-block-file--media-dbd1e7b3-b33a-4a09-bf01-3ad4593bc5e2\">Descarga<\/a><\/div>\n\n\n\n<hr class=\"wp-block-separator has-alpha-channel-opacity is-style-dots\"\/>\n\n\n\n<div class=\"wp-container-11 is-nowrap wp-block-group\">\n<div class=\"wp-container-10 is-vertical wp-block-group\">\n<div class=\"wp-container-9 wp-block-columns\">\n<div class=\"wp-container-6 wp-block-column\">\n<p style=\"font-size:17px\">Adem\u00e1s, si quer\u00e9is m\u00e1s informaci\u00f3n sobre las formaciones i talleres, os dejamos los v\u00eddeos en los que los mismos formadores os explican de que va cada uno.<\/p>\n<\/div>\n\n\n\n<div class=\"wp-container-8 wp-block-column\">\n<div class=\"wp-container-7 is-content-justification-center wp-block-buttons\">\n<div class=\"wp-block-button\"><a class=\"wp-block-button__link has-background\" href=\"https:\/\/www.youtube.com\/playlist?list=PLqCXj2IzME4hkOhfPy_fHoAwD_gXB_pk7\" style=\"background-color:#e94a58\">V\u00eddeos de los formadores\/as<\/a><\/div>\n<\/div>\n<\/div>\n<\/div>\n<\/div>\n<\/div>\n\n\n\n<hr class=\"wp-block-separator has-alpha-channel-opacity is-style-dots\"\/>\n\n\n\n<hr class=\"wp-block-separator has-alpha-channel-opacity is-style-wide\"\/>\n\n\n\n<hr class=\"wp-block-separator has-alpha-channel-opacity is-style-dots\"\/>\n\n\n\n<div class=\"wp-container-14 wp-block-columns\">\n<div class=\"wp-container-12 wp-block-column\">\n<p class=\"has-text-align-center has-black-color has-text-color\" style=\"font-size:15px\"><strong>Normas para solicitar las formaciones y los talleres<\/strong><\/p>\n\n\n\n<ul class=\"has-black-color has-text-color has-small-font-size\"><li>Las charlas que se realizar\u00e1n durante el a\u00f1o educativo ser\u00e1n las aprobadas en los proyectos de actividades de la Confederaci\u00f3n Gonzalo\u00a0Anaya\u00a0y\u00a0FAMPA\u00a0Castell\u00f3\u00a0Penyagolosa. Ambos aprobados por sus asambleas, y se podr\u00e1n llevar a cabo en d\u00edas laborales y en horario que favorezca la mayor asistencia de las familias.<\/li><li>Todas las formaciones y los talleres ser\u00e1n impartidas por los formadores de la\u00a0FAMPA\u00a0Castell\u00f3\u00a0Penyagolosa, y se har\u00e1n seg\u00fan la orden de llegada de solicitudes.<\/li><li>Las AMPA solicitantes se encargar\u00e1n de la organizaci\u00f3n de la charla o jornada y tendr\u00e1n que entregar (antes de la realizaci\u00f3n de la charla) el certificado del centro educativo donde se realiza la formaci\u00f3n o el taller (original, firmado por director y secretario del centro con el sello del centro).<\/li><li>Este curso cada AMPA podr\u00e1 disfrutar de un m\u00e1ximo de tres formaciones o talleres.<\/li><\/ul>\n<\/div>\n\n\n\n<div class=\"wp-container-13 wp-block-column\">\n<p class=\"has-text-align-center has-black-color has-text-color\" style=\"font-size:15px\"><strong>M\u00e1s informaci\u00f3n<\/strong><\/p>\n\n\n\n<ul class=\"has-black-color has-text-color has-small-font-size\"><li>El objetivo es que las charlas lleguen al m\u00e1ximo n\u00famero de padres, madres o tutores\/as. Para garantizarlo, se establecer\u00e1 un sistema Inter-AMPA.<\/li><li>Los formadores se encargar\u00e1n de llevar a cabo el control de asistencia sobre un formato de asistencia est\u00e1ndar, que contenga nombre y apellidos del asistente, AMPA y localidad.<\/li><\/ul>\n<\/div>\n<\/div>\n","protected":false},"excerpt":{"rendered":"<p>A continuaci\u00f3n os dejamos un listado de los cursos y charlas que os ofreceremos para el curso 2023-2024. Si vuestra AMPA est\u00e1 interesada en cualquiera de ellas, pod\u00e9is contactar con nosotros para solicitarla. \ud83d\udcde 656 84 14 15 \u2709\ufe0f formacion@fampacastello.org Adem\u00e1s, si quer\u00e9is m\u00e1s informaci\u00f3n sobre las formaciones i talleres, os dejamos los v\u00eddeos en los que los mismos formadores os explican de que va cada uno. Normas para solicitar las formaciones y los talleres Las charlas que se realizar\u00e1n durante el a\u00f1o educativo ser\u00e1n las aprobadas en los proyectos de actividades de la Confederaci\u00f3n Gonzalo\u00a0Anaya\u00a0y\u00a0FAMPA\u00a0Castell\u00f3\u00a0Penyagolosa. Ambos aprobados por sus asambleas, y se podr\u00e1n llevar a cabo en d\u00edas laborales y en horario que favorezca la mayor asistencia de las familias. Todas las formaciones y los talleres ser\u00e1n impartidas por los formadores de la\u00a0FAMPA\u00a0Castell\u00f3\u00a0Penyagolosa, y se har\u00e1n seg\u00fan la orden de llegada de solicitudes. Las AMPA solicitantes se encargar\u00e1n de la organizaci\u00f3n de la charla o jornada y tendr\u00e1n que entregar (antes de la realizaci\u00f3n de la charla) el certificado del centro educativo donde se realiza la formaci\u00f3n o el taller (original, firmado por director y secretario del centro con el sello del centro). Este curso cada AMPA podr\u00e1 disfrutar [&hellip;]<\/p>\n","protected":false},"author":10,"featured_media":0,"parent":0,"menu_order":0,"comment_status":"closed","ping_status":"closed","template":"","meta":[],"yoast_head":"<!-- This site is optimized with the Yoast SEO plugin v19.2 - https:\/\/yoast.com\/wordpress\/plugins\/seo\/ -->\n<title>La FAMPA te forma 2023-2024 | FAMPA Castell\u00f3 Penyagolosa<\/title>\n<meta name=\"description\" content=\"Xerrades i tallers gratu\u00efts adre\u00e7ades a fam\u00edlies (pares, mares, tutors\/es) d&#039;AMPA federades. Curs 2023-2024.\" \/>\n<meta name=\"robots\" content=\"index, follow, max-snippet:-1, max-image-preview:large, max-video-preview:-1\" \/>\n<link rel=\"canonical\" href=\"https:\/\/fapacastello.com\/es\/cursos-2\/\" \/>\n<meta property=\"og:locale\" content=\"es_ES\" \/>\n<meta property=\"og:type\" content=\"article\" \/>\n<meta property=\"og:title\" content=\"La FAMPA te forma 2023-2024 | FAMPA Castell\u00f3 Penyagolosa\" \/>\n<meta property=\"og:description\" content=\"Xerrades i tallers gratu\u00efts adre\u00e7ades a fam\u00edlies (pares, mares, tutors\/es) d&#039;AMPA federades. Curs 2023-2024.\" \/>\n<meta property=\"og:url\" content=\"https:\/\/fapacastello.com\/es\/cursos-2\/\" \/>\n<meta property=\"og:site_name\" content=\"FAMPA Castell\u00f3 Penyagolosa\" \/>\n<meta property=\"article:publisher\" content=\"http:\/\/www.facebook.com\/fapa.penyagolosa\" \/>\n<meta property=\"article:modified_time\" content=\"2023-10-19T07:33:36+00:00\" \/>\n<meta property=\"og:image\" content=\"http:\/\/fapacastello.com\/wp-content\/uploads\/2023\/09\/BANNERS-WEB-5-1024x448.jpg\" \/>\n<meta name=\"author\" content=\"Raquel Garc\u00eda\" \/>\n<meta name=\"twitter:card\" content=\"summary\" \/>\n<meta name=\"twitter:site\" content=\"@FAMPACS\" \/>\n<meta name=\"twitter:label1\" content=\"Tiempo de lectura\" \/>\n\t<meta name=\"twitter:data1\" content=\"2 minutos\" \/>\n<script type=\"application\/ld+json\" class=\"yoast-schema-graph\">{\"@context\":\"https:\/\/schema.org\",\"@graph\":[{\"@type\":\"WebSite\",\"@id\":\"http:\/\/fapacastello.com\/#website\",\"url\":\"http:\/\/fapacastello.com\/\",\"name\":\"FAMPA Castell\u00f3 Penyagolosa\",\"description\":\"Fapa-Castell\u00f3n Penyagolosa. Federaci\u00f3n de Asociaciones de Padres i Madres de Alumnos Provincia de Castell\u00f3n.\",\"potentialAction\":[{\"@type\":\"SearchAction\",\"target\":{\"@type\":\"EntryPoint\",\"urlTemplate\":\"http:\/\/fapacastello.com\/?s={search_term_string}\"},\"query-input\":\"required name=search_term_string\"}],\"inLanguage\":\"es\"},{\"@type\":\"ImageObject\",\"inLanguage\":\"es\",\"@id\":\"https:\/\/fapacastello.com\/es\/cursos-2\/#primaryimage\",\"url\":\"https:\/\/fapacastello.com\/wp-content\/uploads\/2023\/09\/BANNERS-WEB-5.jpg\",\"contentUrl\":\"https:\/\/fapacastello.com\/wp-content\/uploads\/2023\/09\/BANNERS-WEB-5.jpg\",\"width\":2000,\"height\":875},{\"@type\":\"WebPage\",\"@id\":\"https:\/\/fapacastello.com\/es\/cursos-2\/#webpage\",\"url\":\"https:\/\/fapacastello.com\/es\/cursos-2\/\",\"name\":\"La FAMPA te forma 2023-2024 | FAMPA Castell\u00f3 Penyagolosa\",\"isPartOf\":{\"@id\":\"http:\/\/fapacastello.com\/#website\"},\"primaryImageOfPage\":{\"@id\":\"https:\/\/fapacastello.com\/es\/cursos-2\/#primaryimage\"},\"datePublished\":\"2023-10-17T08:20:52+00:00\",\"dateModified\":\"2023-10-19T07:33:36+00:00\",\"description\":\"Xerrades i tallers gratu\u00efts adre\u00e7ades a fam\u00edlies (pares, mares, tutors\/es) d'AMPA federades. Curs 2023-2024.\",\"breadcrumb\":{\"@id\":\"https:\/\/fapacastello.com\/es\/cursos-2\/#breadcrumb\"},\"inLanguage\":\"es\",\"potentialAction\":[{\"@type\":\"ReadAction\",\"target\":[\"https:\/\/fapacastello.com\/es\/cursos-2\/\"]}]},{\"@type\":\"BreadcrumbList\",\"@id\":\"https:\/\/fapacastello.com\/es\/cursos-2\/#breadcrumb\",\"itemListElement\":[{\"@type\":\"ListItem\",\"position\":1,\"name\":\"Portada\",\"item\":\"http:\/\/fapacastello.com\/es\/\"},{\"@type\":\"ListItem\",\"position\":2,\"name\":\"La FAMPA te forma 2023-2024\"}]}]}<\/script>\n<!-- \/ Yoast SEO plugin. -->","yoast_head_json":{"title":"La FAMPA te forma 2023-2024 | FAMPA Castell\u00f3 Penyagolosa","description":"Xerrades i tallers gratu\u00efts adre\u00e7ades a fam\u00edlies (pares, mares, tutors\/es) d'AMPA federades. Curs 2023-2024.","robots":{"index":"index","follow":"follow","max-snippet":"max-snippet:-1","max-image-preview":"max-image-preview:large","max-video-preview":"max-video-preview:-1"},"canonical":"https:\/\/fapacastello.com\/es\/cursos-2\/","og_locale":"es_ES","og_type":"article","og_title":"La FAMPA te forma 2023-2024 | FAMPA Castell\u00f3 Penyagolosa","og_description":"Xerrades i tallers gratu\u00efts adre\u00e7ades a fam\u00edlies (pares, mares, tutors\/es) d'AMPA federades. Curs 2023-2024.","og_url":"https:\/\/fapacastello.com\/es\/cursos-2\/","og_site_name":"FAMPA Castell\u00f3 Penyagolosa","article_publisher":"http:\/\/www.facebook.com\/fapa.penyagolosa","article_modified_time":"2023-10-19T07:33:36+00:00","og_image":[{"url":"http:\/\/fapacastello.com\/wp-content\/uploads\/2023\/09\/BANNERS-WEB-5-1024x448.jpg"}],"author":"Raquel Garc\u00eda","twitter_card":"summary","twitter_site":"@FAMPACS","twitter_misc":{"Tiempo de lectura":"2 minutos"},"schema":{"@context":"https:\/\/schema.org","@graph":[{"@type":"WebSite","@id":"http:\/\/fapacastello.com\/#website","url":"http:\/\/fapacastello.com\/","name":"FAMPA Castell\u00f3 Penyagolosa","description":"Fapa-Castell\u00f3n Penyagolosa. Federaci\u00f3n de Asociaciones de Padres i Madres de Alumnos Provincia de Castell\u00f3n.","potentialAction":[{"@type":"SearchAction","target":{"@type":"EntryPoint","urlTemplate":"http:\/\/fapacastello.com\/?s={search_term_string}"},"query-input":"required name=search_term_string"}],"inLanguage":"es"},{"@type":"ImageObject","inLanguage":"es","@id":"https:\/\/fapacastello.com\/es\/cursos-2\/#primaryimage","url":"https:\/\/fapacastello.com\/wp-content\/uploads\/2023\/09\/BANNERS-WEB-5.jpg","contentUrl":"https:\/\/fapacastello.com\/wp-content\/uploads\/2023\/09\/BANNERS-WEB-5.jpg","width":2000,"height":875},{"@type":"WebPage","@id":"https:\/\/fapacastello.com\/es\/cursos-2\/#webpage","url":"https:\/\/fapacastello.com\/es\/cursos-2\/","name":"La FAMPA te forma 2023-2024 | FAMPA Castell\u00f3 Penyagolosa","isPartOf":{"@id":"http:\/\/fapacastello.com\/#website"},"primaryImageOfPage":{"@id":"https:\/\/fapacastello.com\/es\/cursos-2\/#primaryimage"},"datePublished":"2023-10-17T08:20:52+00:00","dateModified":"2023-10-19T07:33:36+00:00","description":"Xerrades i tallers gratu\u00efts adre\u00e7ades a fam\u00edlies (pares, mares, tutors\/es) d'AMPA federades. Curs 2023-2024.","breadcrumb":{"@id":"https:\/\/fapacastello.com\/es\/cursos-2\/#breadcrumb"},"inLanguage":"es","potentialAction":[{"@type":"ReadAction","target":["https:\/\/fapacastello.com\/es\/cursos-2\/"]}]},{"@type":"BreadcrumbList","@id":"https:\/\/fapacastello.com\/es\/cursos-2\/#breadcrumb","itemListElement":[{"@type":"ListItem","position":1,"name":"Portada","item":"http:\/\/fapacastello.com\/es\/"},{"@type":"ListItem","position":2,"name":"La FAMPA te forma 2023-2024"}]}]}},"_links":{"self":[{"href":"https:\/\/fapacastello.com\/es\/wp-json\/wp\/v2\/pages\/10819"}],"collection":[{"href":"https:\/\/fapacastello.com\/es\/wp-json\/wp\/v2\/pages"}],"about":[{"href":"https:\/\/fapacastello.com\/es\/wp-json\/wp\/v2\/types\/page"}],"author":[{"embeddable":true,"href":"https:\/\/fapacastello.com\/es\/wp-json\/wp\/v2\/users\/10"}],"replies":[{"embeddable":true,"href":"https:\/\/fapacastello.com\/es\/wp-json\/wp\/v2\/comments?post=10819"}],"version-history":[{"count":8,"href":"https:\/\/fapacastello.com\/es\/wp-json\/wp\/v2\/pages\/10819\/revisions"}],"predecessor-version":[{"id":11147,"href":"https:\/\/fapacastello.com\/es\/wp-json\/wp\/v2\/pages\/10819\/revisions\/11147"}],"wp:attachment":[{"href":"https:\/\/fapacastello.com\/es\/wp-json\/wp\/v2\/media?parent=10819"}],"curies":[{"name":"wp","href":"https:\/\/api.w.org\/{rel}","templated":true}]}}