

{"id":3284,"date":"2016-01-22T17:40:02","date_gmt":"2016-01-22T17:40:02","guid":{"rendered":"http:\/\/gonzaloanaya.mindthebrand.com\/?page_id=3284"},"modified":"2024-02-01T18:28:16","modified_gmt":"2024-02-01T17:28:16","slug":"servicios","status":"publish","type":"page","link":"https:\/\/fapacastello.com\/es\/servicios\/","title":{"rendered":"Servicios"},"content":{"rendered":"\n<div class=\"wp-container-7 wp-block-group alignwide\"><div class=\"wp-block-group__inner-container\">\n<div class=\"wp-container-2 wp-block-columns\">\n<div class=\"wp-container-1 wp-block-column\">\n<h3>Servicios de Apoyo Integral para las AMPA federadas<\/h3>\n\n\n\n<p>La FAMPA Castell\u00f3 Penyagolosa es una entidad con personalidad jur\u00eddica propia que tiene como misi\u00f3n principal facilitar una efectiva conexi\u00f3n y coordinaci\u00f3n entre las AMPA federadas. Nuestro prop\u00f3sito es defender los intereses de estas asociaciones, con el objetivo de reforzar sus capacidades de acci\u00f3n y ayudarles a alcanzar sus objetivos y finalidades.<\/p>\n\n\n\n<p>La Federaci\u00f3n pone a disposici\u00f3n de las AMPA una amplia gama de servicios de atenci\u00f3n continua, que incluyen:<\/p>\n\n\n\n<div style=\"height:100px\" aria-hidden=\"true\" class=\"wp-block-spacer\"><\/div>\n\n\n\n<div class=\"wp-block-media-text alignwide is-stacked-on-mobile\" style=\"grid-template-columns:15% auto\"><figure class=\"wp-block-media-text__media\"><img loading=\"lazy\" width=\"203\" height=\"189\" src=\"http:\/\/fapacastello.com\/wp-content\/uploads\/2024\/02\/Captura-de-pantalla-2024-02-01-a-las-17.55.01.png\" alt=\"\" class=\"wp-image-11877 size-full\" srcset=\"https:\/\/fapacastello.com\/wp-content\/uploads\/2024\/02\/Captura-de-pantalla-2024-02-01-a-las-17.55.01.png 203w, https:\/\/fapacastello.com\/wp-content\/uploads\/2024\/02\/Captura-de-pantalla-2024-02-01-a-las-17.55.01-157x146.png 157w, https:\/\/fapacastello.com\/wp-content\/uploads\/2024\/02\/Captura-de-pantalla-2024-02-01-a-las-17.55.01-50x47.png 50w, https:\/\/fapacastello.com\/wp-content\/uploads\/2024\/02\/Captura-de-pantalla-2024-02-01-a-las-17.55.01-81x75.png 81w\" sizes=\"(max-width: 203px) 100vw, 203px\" \/><\/figure><div class=\"wp-block-media-text__content\">\n<h2>SEGUROS<\/h2>\n\n\n\n<p><strong>Seguro de Responsabilidad Civil<\/strong>: cubre las actividades organizadas o gestionadas por las AMPA.<br><strong>Seguro de responsabilidad de los equipos de gobierno y administraci\u00f3n<\/strong>: brinda cobertura a los miembros de los equipos directivos y de administraci\u00f3n de las AMPA por responsabilidades durante el ejercicio de sus cargos.<\/p>\n\n\n\n<p><a href=\"https:\/\/penyagolosa.arc.coop\/ca\/\">Portal de gesti\u00f3 d\u2019assegurances<\/a><\/p>\n\n\n\n<div class=\"wp-block-file\"><a id=\"wp-block-file--media-495fa4a0-5c13-4e1c-a269-553b344143e6\" href=\"http:\/\/fapacastello.com\/wp-content\/uploads\/2024\/02\/Guia-del-portal-dassegurances-ARC\u0327.pdf\">Guia del portal d&#8217;assegurances ARC\u0327<\/a><a href=\"http:\/\/fapacastello.com\/wp-content\/uploads\/2024\/02\/Guia-del-portal-dassegurances-ARC\u0327.pdf\" class=\"wp-block-file__button\" download aria-describedby=\"wp-block-file--media-495fa4a0-5c13-4e1c-a269-553b344143e6\">Descarga<\/a><\/div>\n\n\n\n<div class=\"wp-block-file\"><a id=\"wp-block-file--media-1270f6a4-d5d4-4c0b-b98b-a196e7c59169\" href=\"http:\/\/fapacastello.com\/wp-content\/uploads\/2024\/02\/Guia-registre-portals-penyagolosa-VAL.pdf\">Guia de registre al portal d&#8217;assegurances<\/a><a href=\"http:\/\/fapacastello.com\/wp-content\/uploads\/2024\/02\/Guia-registre-portals-penyagolosa-VAL.pdf\" class=\"wp-block-file__button\" download aria-describedby=\"wp-block-file--media-1270f6a4-d5d4-4c0b-b98b-a196e7c59169\">Descarga<\/a><\/div>\n<\/div><\/div>\n<\/div>\n<\/div>\n\n\n\n<div style=\"height:100px\" aria-hidden=\"true\" class=\"wp-block-spacer\"><\/div>\n\n\n\n<div class=\"wp-container-6 wp-block-columns\">\n<div class=\"wp-container-5 wp-block-column\" style=\"flex-basis:100%\">\n<div class=\"wp-container-4 wp-block-columns\">\n<div class=\"wp-container-3 wp-block-column\">\n<div class=\"wp-block-media-text alignwide is-stacked-on-mobile\" style=\"grid-template-columns:15% auto\"><figure class=\"wp-block-media-text__media\"><img loading=\"lazy\" width=\"229\" height=\"171\" src=\"http:\/\/fapacastello.com\/wp-content\/uploads\/2024\/02\/Captura-de-pantalla-2024-02-01-a-las-17.55.07.png\" alt=\"\" class=\"wp-image-11879 size-full\" srcset=\"https:\/\/fapacastello.com\/wp-content\/uploads\/2024\/02\/Captura-de-pantalla-2024-02-01-a-las-17.55.07.png 229w, https:\/\/fapacastello.com\/wp-content\/uploads\/2024\/02\/Captura-de-pantalla-2024-02-01-a-las-17.55.07-196x146.png 196w, https:\/\/fapacastello.com\/wp-content\/uploads\/2024\/02\/Captura-de-pantalla-2024-02-01-a-las-17.55.07-50x37.png 50w, https:\/\/fapacastello.com\/wp-content\/uploads\/2024\/02\/Captura-de-pantalla-2024-02-01-a-las-17.55.07-100x75.png 100w\" sizes=\"(max-width: 229px) 100vw, 229px\" \/><\/figure><div class=\"wp-block-media-text__content\">\n<h2>ASESORAMIENTO<\/h2>\n\n\n\n<p>Atenci\u00f3n personalizada a las AMPA los lunes, martes, jueves y viernes de 8:30 h a 14 h, y mi\u00e9rcoles de 8:30 h a 14 h y de 16 h a 18:30 h, de manera presencial con cita previa o a trav\u00e9s de:<\/p>\n\n\n\n<p>Tel\u00e9fono: 964 254 216<\/p>\n\n\n\n<p>WhatsApp: 656 84 14 15<\/p>\n\n\n\n<p>Correo electr\u00f3nico: info@fapacastello.com<\/p>\n<\/div><\/div>\n<\/div>\n<\/div>\n\n\n\n<div style=\"height:100px\" aria-hidden=\"true\" class=\"wp-block-spacer\"><\/div>\n<\/div>\n<\/div>\n<\/div><\/div>\n\n\n\n<div class=\"wp-block-media-text alignwide is-stacked-on-mobile\" style=\"grid-template-columns:15% auto\"><figure class=\"wp-block-media-text__media\"><img loading=\"lazy\" width=\"218\" height=\"173\" src=\"http:\/\/fapacastello.com\/wp-content\/uploads\/2024\/02\/Captura-de-pantalla-2024-02-01-a-las-17.55.12.png\" alt=\"\" class=\"wp-image-11881 size-full\" srcset=\"https:\/\/fapacastello.com\/wp-content\/uploads\/2024\/02\/Captura-de-pantalla-2024-02-01-a-las-17.55.12.png 218w, https:\/\/fapacastello.com\/wp-content\/uploads\/2024\/02\/Captura-de-pantalla-2024-02-01-a-las-17.55.12-184x146.png 184w, https:\/\/fapacastello.com\/wp-content\/uploads\/2024\/02\/Captura-de-pantalla-2024-02-01-a-las-17.55.12-50x40.png 50w, https:\/\/fapacastello.com\/wp-content\/uploads\/2024\/02\/Captura-de-pantalla-2024-02-01-a-las-17.55.12-95x75.png 95w\" sizes=\"(max-width: 218px) 100vw, 218px\" \/><\/figure><div class=\"wp-block-media-text__content\">\n<h2>FORMACI\u00d3N<\/h2>\n\n\n\n<p>La federaci\u00f3n ofrece a las AMPA formaci\u00f3n tanto para las familias asociadas como para las propias juntas directivas de la asociaci\u00f3n. Se puede consultar la oferta formativa del proyecto \u00abLa FAMPA et Forma\u00bb en la pesta\u00f1a de \u00abFormaci\u00f3n\u00bb del sitio web. Adem\u00e1s, sobre el resto de formaciones, jornadas o actividades, informamos a trav\u00e9s de las redes sociales o en la secci\u00f3n de \u00abEventos\u00bb.<\/p>\n<\/div><\/div>\n\n\n\n<div style=\"height:100px\" aria-hidden=\"true\" class=\"wp-block-spacer\"><\/div>\n\n\n\n<div class=\"wp-block-media-text alignwide is-stacked-on-mobile\" style=\"grid-template-columns:15% auto\"><figure class=\"wp-block-media-text__media\"><img loading=\"lazy\" width=\"373\" height=\"255\" src=\"http:\/\/fapacastello.com\/wp-content\/uploads\/2024\/02\/Captura-de-pantalla-2024-02-01-a-las-18.00.28.png\" alt=\"\" class=\"wp-image-11892 size-full\" srcset=\"https:\/\/fapacastello.com\/wp-content\/uploads\/2024\/02\/Captura-de-pantalla-2024-02-01-a-las-18.00.28.png 373w, https:\/\/fapacastello.com\/wp-content\/uploads\/2024\/02\/Captura-de-pantalla-2024-02-01-a-las-18.00.28-300x205.png 300w, https:\/\/fapacastello.com\/wp-content\/uploads\/2024\/02\/Captura-de-pantalla-2024-02-01-a-las-18.00.28-214x146.png 214w, https:\/\/fapacastello.com\/wp-content\/uploads\/2024\/02\/Captura-de-pantalla-2024-02-01-a-las-18.00.28-50x34.png 50w, https:\/\/fapacastello.com\/wp-content\/uploads\/2024\/02\/Captura-de-pantalla-2024-02-01-a-las-18.00.28-110x75.png 110w\" sizes=\"(max-width: 373px) 100vw, 373px\" \/><\/figure><div class=\"wp-block-media-text__content\">\n<h2>COMUNICACI\u00d3N<\/h2>\n\n\n\n<p>Gabinete de comunicaci\u00f3n, contacto con medios de comunicaci\u00f3n, bolet\u00edn semanal e informaci\u00f3n mensual&#8230;<\/p>\n\n\n\n<p>Contacto con el departamento de comunicaci\u00f3n: 673 33 80 94 o comunicacio@fapacastello.com<\/p>\n<\/div><\/div>\n\n\n\n<div style=\"height:100px\" aria-hidden=\"true\" class=\"wp-block-spacer\"><\/div>\n","protected":false},"excerpt":{"rendered":"<p>Servicios de Apoyo Integral para las AMPA federadas La FAMPA Castell\u00f3 Penyagolosa es una entidad con personalidad jur\u00eddica propia que tiene como misi\u00f3n principal facilitar una efectiva conexi\u00f3n y coordinaci\u00f3n entre las AMPA federadas. Nuestro prop\u00f3sito es defender los intereses de estas asociaciones, con el objetivo de reforzar sus capacidades de acci\u00f3n y ayudarles a alcanzar sus objetivos y finalidades. La Federaci\u00f3n pone a disposici\u00f3n de las AMPA una amplia gama de servicios de atenci\u00f3n continua, que incluyen: SEGUROS Seguro de Responsabilidad Civil: cubre las actividades organizadas o gestionadas por las AMPA.Seguro de responsabilidad de los equipos de gobierno y administraci\u00f3n: brinda cobertura a los miembros de los equipos directivos y de administraci\u00f3n de las AMPA por responsabilidades durante el ejercicio de sus cargos. Portal de gesti\u00f3 d\u2019assegurances ASESORAMIENTO Atenci\u00f3n personalizada a las AMPA los lunes, martes, jueves y viernes de 8:30 h a 14 h, y mi\u00e9rcoles de 8:30 h a 14 h y de 16 h a 18:30 h, de manera presencial con cita previa o a trav\u00e9s de: Tel\u00e9fono: 964 254 216 WhatsApp: 656 84 14 15 Correo electr\u00f3nico: info@fapacastello.com FORMACI\u00d3N La federaci\u00f3n ofrece a las AMPA formaci\u00f3n tanto para las familias asociadas como para las propias [&hellip;]<\/p>\n","protected":false},"author":5,"featured_media":8596,"parent":0,"menu_order":0,"comment_status":"closed","ping_status":"closed","template":"","meta":[],"yoast_head":"<!-- This site is optimized with the Yoast SEO plugin v19.2 - https:\/\/yoast.com\/wordpress\/plugins\/seo\/ -->\n<title>Servicios | FAMPA Castell\u00f3 Penyagolosa<\/title>\n<meta name=\"robots\" content=\"index, follow, max-snippet:-1, max-image-preview:large, max-video-preview:-1\" \/>\n<link rel=\"canonical\" href=\"https:\/\/fapacastello.com\/es\/servicios\/\" \/>\n<meta property=\"og:locale\" content=\"es_ES\" \/>\n<meta property=\"og:type\" content=\"article\" \/>\n<meta property=\"og:title\" content=\"Servicios | FAMPA Castell\u00f3 Penyagolosa\" \/>\n<meta property=\"og:description\" content=\"Servicios de Apoyo Integral para las AMPA federadas La FAMPA Castell\u00f3 Penyagolosa es una entidad con personalidad jur\u00eddica propia que tiene como misi\u00f3n principal facilitar una efectiva conexi\u00f3n y coordinaci\u00f3n entre las AMPA federadas. Nuestro prop\u00f3sito es defender los intereses de estas asociaciones, con el objetivo de reforzar sus capacidades de acci\u00f3n y ayudarles a alcanzar sus objetivos y finalidades. La Federaci\u00f3n pone a disposici\u00f3n de las AMPA una amplia gama de servicios de atenci\u00f3n continua, que incluyen: SEGUROS Seguro de Responsabilidad Civil: cubre las actividades organizadas o gestionadas por las AMPA.Seguro de responsabilidad de los equipos de gobierno y administraci\u00f3n: brinda cobertura a los miembros de los equipos directivos y de administraci\u00f3n de las AMPA por responsabilidades durante el ejercicio de sus cargos. Portal de gesti\u00f3 d\u2019assegurances ASESORAMIENTO Atenci\u00f3n personalizada a las AMPA los lunes, martes, jueves y viernes de 8:30 h a 14 h, y mi\u00e9rcoles de 8:30 h a 14 h y de 16 h a 18:30 h, de manera presencial con cita previa o a trav\u00e9s de: Tel\u00e9fono: 964 254 216 WhatsApp: 656 84 14 15 Correo electr\u00f3nico: info@fapacastello.com FORMACI\u00d3N La federaci\u00f3n ofrece a las AMPA formaci\u00f3n tanto para las familias asociadas como para las propias [&hellip;]\" \/>\n<meta property=\"og:url\" content=\"https:\/\/fapacastello.com\/es\/servicios\/\" \/>\n<meta property=\"og:site_name\" content=\"FAMPA Castell\u00f3 Penyagolosa\" \/>\n<meta property=\"article:publisher\" content=\"http:\/\/www.facebook.com\/fapa.penyagolosa\" \/>\n<meta property=\"article:modified_time\" content=\"2024-02-01T17:28:16+00:00\" \/>\n<meta property=\"og:image\" content=\"https:\/\/fapacastello.com\/wp-content\/uploads\/2022\/09\/servicios.jpg\" \/>\n\t<meta property=\"og:image:width\" content=\"1920\" \/>\n\t<meta property=\"og:image:height\" content=\"353\" \/>\n\t<meta property=\"og:image:type\" content=\"image\/jpeg\" \/>\n<meta name=\"author\" content=\"FAMPA Castell\u00f3\" \/>\n<meta name=\"twitter:card\" content=\"summary\" \/>\n<meta name=\"twitter:site\" content=\"@FAMPACS\" \/>\n<meta name=\"twitter:label1\" content=\"Tiempo de lectura\" \/>\n\t<meta name=\"twitter:data1\" content=\"3 minutos\" \/>\n<script type=\"application\/ld+json\" class=\"yoast-schema-graph\">{\"@context\":\"https:\/\/schema.org\",\"@graph\":[{\"@type\":\"WebSite\",\"@id\":\"http:\/\/fapacastello.com\/#website\",\"url\":\"http:\/\/fapacastello.com\/\",\"name\":\"FAMPA Castell\u00f3 Penyagolosa\",\"description\":\"Fapa-Castell\u00f3n Penyagolosa. Federaci\u00f3n de Asociaciones de Padres i Madres de Alumnos Provincia de Castell\u00f3n.\",\"potentialAction\":[{\"@type\":\"SearchAction\",\"target\":{\"@type\":\"EntryPoint\",\"urlTemplate\":\"http:\/\/fapacastello.com\/?s={search_term_string}\"},\"query-input\":\"required name=search_term_string\"}],\"inLanguage\":\"es\"},{\"@type\":\"ImageObject\",\"inLanguage\":\"es\",\"@id\":\"https:\/\/fapacastello.com\/es\/servicios\/#primaryimage\",\"url\":\"https:\/\/fapacastello.com\/wp-content\/uploads\/2022\/09\/servicios.jpg\",\"contentUrl\":\"https:\/\/fapacastello.com\/wp-content\/uploads\/2022\/09\/servicios.jpg\",\"width\":1920,\"height\":353},{\"@type\":\"WebPage\",\"@id\":\"https:\/\/fapacastello.com\/es\/servicios\/#webpage\",\"url\":\"https:\/\/fapacastello.com\/es\/servicios\/\",\"name\":\"Servicios | FAMPA Castell\u00f3 Penyagolosa\",\"isPartOf\":{\"@id\":\"http:\/\/fapacastello.com\/#website\"},\"primaryImageOfPage\":{\"@id\":\"https:\/\/fapacastello.com\/es\/servicios\/#primaryimage\"},\"datePublished\":\"2016-01-22T17:40:02+00:00\",\"dateModified\":\"2024-02-01T17:28:16+00:00\",\"breadcrumb\":{\"@id\":\"https:\/\/fapacastello.com\/es\/servicios\/#breadcrumb\"},\"inLanguage\":\"es\",\"potentialAction\":[{\"@type\":\"ReadAction\",\"target\":[\"https:\/\/fapacastello.com\/es\/servicios\/\"]}]},{\"@type\":\"BreadcrumbList\",\"@id\":\"https:\/\/fapacastello.com\/es\/servicios\/#breadcrumb\",\"itemListElement\":[{\"@type\":\"ListItem\",\"position\":1,\"name\":\"Portada\",\"item\":\"https:\/\/fapacastello.com\/es\/\"},{\"@type\":\"ListItem\",\"position\":2,\"name\":\"Servicios\"}]}]}<\/script>\n<!-- \/ Yoast SEO plugin. -->","yoast_head_json":{"title":"Servicios | FAMPA Castell\u00f3 Penyagolosa","robots":{"index":"index","follow":"follow","max-snippet":"max-snippet:-1","max-image-preview":"max-image-preview:large","max-video-preview":"max-video-preview:-1"},"canonical":"https:\/\/fapacastello.com\/es\/servicios\/","og_locale":"es_ES","og_type":"article","og_title":"Servicios | FAMPA Castell\u00f3 Penyagolosa","og_description":"Servicios de Apoyo Integral para las AMPA federadas La FAMPA Castell\u00f3 Penyagolosa es una entidad con personalidad jur\u00eddica propia que tiene como misi\u00f3n principal facilitar una efectiva conexi\u00f3n y coordinaci\u00f3n entre las AMPA federadas. Nuestro prop\u00f3sito es defender los intereses de estas asociaciones, con el objetivo de reforzar sus capacidades de acci\u00f3n y ayudarles a alcanzar sus objetivos y finalidades. La Federaci\u00f3n pone a disposici\u00f3n de las AMPA una amplia gama de servicios de atenci\u00f3n continua, que incluyen: SEGUROS Seguro de Responsabilidad Civil: cubre las actividades organizadas o gestionadas por las AMPA.Seguro de responsabilidad de los equipos de gobierno y administraci\u00f3n: brinda cobertura a los miembros de los equipos directivos y de administraci\u00f3n de las AMPA por responsabilidades durante el ejercicio de sus cargos. Portal de gesti\u00f3 d\u2019assegurances ASESORAMIENTO Atenci\u00f3n personalizada a las AMPA los lunes, martes, jueves y viernes de 8:30 h a 14 h, y mi\u00e9rcoles de 8:30 h a 14 h y de 16 h a 18:30 h, de manera presencial con cita previa o a trav\u00e9s de: Tel\u00e9fono: 964 254 216 WhatsApp: 656 84 14 15 Correo electr\u00f3nico: info@fapacastello.com FORMACI\u00d3N La federaci\u00f3n ofrece a las AMPA formaci\u00f3n tanto para las familias asociadas como para las propias [&hellip;]","og_url":"https:\/\/fapacastello.com\/es\/servicios\/","og_site_name":"FAMPA Castell\u00f3 Penyagolosa","article_publisher":"http:\/\/www.facebook.com\/fapa.penyagolosa","article_modified_time":"2024-02-01T17:28:16+00:00","og_image":[{"width":1920,"height":353,"url":"https:\/\/fapacastello.com\/wp-content\/uploads\/2022\/09\/servicios.jpg","type":"image\/jpeg"}],"author":"FAMPA Castell\u00f3","twitter_card":"summary","twitter_site":"@FAMPACS","twitter_misc":{"Tiempo de lectura":"3 minutos"},"schema":{"@context":"https:\/\/schema.org","@graph":[{"@type":"WebSite","@id":"http:\/\/fapacastello.com\/#website","url":"http:\/\/fapacastello.com\/","name":"FAMPA Castell\u00f3 Penyagolosa","description":"Fapa-Castell\u00f3n Penyagolosa. Federaci\u00f3n de Asociaciones de Padres i Madres de Alumnos Provincia de Castell\u00f3n.","potentialAction":[{"@type":"SearchAction","target":{"@type":"EntryPoint","urlTemplate":"http:\/\/fapacastello.com\/?s={search_term_string}"},"query-input":"required name=search_term_string"}],"inLanguage":"es"},{"@type":"ImageObject","inLanguage":"es","@id":"https:\/\/fapacastello.com\/es\/servicios\/#primaryimage","url":"https:\/\/fapacastello.com\/wp-content\/uploads\/2022\/09\/servicios.jpg","contentUrl":"https:\/\/fapacastello.com\/wp-content\/uploads\/2022\/09\/servicios.jpg","width":1920,"height":353},{"@type":"WebPage","@id":"https:\/\/fapacastello.com\/es\/servicios\/#webpage","url":"https:\/\/fapacastello.com\/es\/servicios\/","name":"Servicios | FAMPA Castell\u00f3 Penyagolosa","isPartOf":{"@id":"http:\/\/fapacastello.com\/#website"},"primaryImageOfPage":{"@id":"https:\/\/fapacastello.com\/es\/servicios\/#primaryimage"},"datePublished":"2016-01-22T17:40:02+00:00","dateModified":"2024-02-01T17:28:16+00:00","breadcrumb":{"@id":"https:\/\/fapacastello.com\/es\/servicios\/#breadcrumb"},"inLanguage":"es","potentialAction":[{"@type":"ReadAction","target":["https:\/\/fapacastello.com\/es\/servicios\/"]}]},{"@type":"BreadcrumbList","@id":"https:\/\/fapacastello.com\/es\/servicios\/#breadcrumb","itemListElement":[{"@type":"ListItem","position":1,"name":"Portada","item":"https:\/\/fapacastello.com\/es\/"},{"@type":"ListItem","position":2,"name":"Servicios"}]}]}},"_links":{"self":[{"href":"https:\/\/fapacastello.com\/es\/wp-json\/wp\/v2\/pages\/3284"}],"collection":[{"href":"https:\/\/fapacastello.com\/es\/wp-json\/wp\/v2\/pages"}],"about":[{"href":"https:\/\/fapacastello.com\/es\/wp-json\/wp\/v2\/types\/page"}],"author":[{"embeddable":true,"href":"https:\/\/fapacastello.com\/es\/wp-json\/wp\/v2\/users\/5"}],"replies":[{"embeddable":true,"href":"https:\/\/fapacastello.com\/es\/wp-json\/wp\/v2\/comments?post=3284"}],"version-history":[{"count":3,"href":"https:\/\/fapacastello.com\/es\/wp-json\/wp\/v2\/pages\/3284\/revisions"}],"predecessor-version":[{"id":11905,"href":"https:\/\/fapacastello.com\/es\/wp-json\/wp\/v2\/pages\/3284\/revisions\/11905"}],"wp:featuredmedia":[{"embeddable":true,"href":"https:\/\/fapacastello.com\/es\/wp-json\/wp\/v2\/media\/8596"}],"wp:attachment":[{"href":"https:\/\/fapacastello.com\/es\/wp-json\/wp\/v2\/media?parent=3284"}],"curies":[{"name":"wp","href":"https:\/\/api.w.org\/{rel}","templated":true}]}}