

{"id":3299,"date":"2016-01-22T17:42:17","date_gmt":"2016-01-22T17:42:17","guid":{"rendered":"http:\/\/gonzaloanaya.mindthebrand.com\/?page_id=3299"},"modified":"2023-10-31T11:10:55","modified_gmt":"2023-10-31T10:10:55","slug":"consejo-escolar-de-centro","status":"publish","type":"page","link":"https:\/\/fapacastello.com\/es\/consejo-escolar-de-centro\/","title":{"rendered":"Consejo Escolar de Centro"},"content":{"rendered":"\n<p>El Consejo Escolar es la m\u00e1xima autoridad del centro y al mismo tiempo un organismo de participaci\u00f3n democr\u00e1tica en la gesti\u00f3n y toma de decisiones.<\/p>\n\n\n\n<p>En el Consejo Escolar se encuentran representados todos los estamentos de la comunidad educativa (profesores, alumnos, padres y madres, personal no docente), que escogen a sus representantes en un proceso electoral que se celebra cada dos a\u00f1os.<\/p>\n\n\n\n<p>Preside el Consejo Escolar el director del centro y levanta acta de sus decisiones el secretario. Participan tambi\u00e9n el jefe de estudios y un representante del Ayuntamiento, adem\u00e1s de los representantes de los profesores, padres, alumnos y personal no docente.<\/p>\n\n\n\n<figure class=\"wp-block-image size-large\"><img loading=\"lazy\" width=\"1024\" height=\"256\" src=\"https:\/\/fapacastello.com\/wp-content\/uploads\/2023\/10\/Tu-pots-millorar-el-futur-de-qui-me\u0301s-vols-1024x256.jpg\" alt=\"\" class=\"wp-image-11209\" srcset=\"https:\/\/fapacastello.com\/wp-content\/uploads\/2023\/10\/Tu-pots-millorar-el-futur-de-qui-me\u0301s-vols-1024x256.jpg 1024w, https:\/\/fapacastello.com\/wp-content\/uploads\/2023\/10\/Tu-pots-millorar-el-futur-de-qui-me\u0301s-vols-300x75.jpg 300w, https:\/\/fapacastello.com\/wp-content\/uploads\/2023\/10\/Tu-pots-millorar-el-futur-de-qui-me\u0301s-vols-768x192.jpg 768w, https:\/\/fapacastello.com\/wp-content\/uploads\/2023\/10\/Tu-pots-millorar-el-futur-de-qui-me\u0301s-vols-1536x384.jpg 1536w, https:\/\/fapacastello.com\/wp-content\/uploads\/2023\/10\/Tu-pots-millorar-el-futur-de-qui-me\u0301s-vols-260x65.jpg 260w, https:\/\/fapacastello.com\/wp-content\/uploads\/2023\/10\/Tu-pots-millorar-el-futur-de-qui-me\u0301s-vols-50x13.jpg 50w, https:\/\/fapacastello.com\/wp-content\/uploads\/2023\/10\/Tu-pots-millorar-el-futur-de-qui-me\u0301s-vols-150x38.jpg 150w, https:\/\/fapacastello.com\/wp-content\/uploads\/2023\/10\/Tu-pots-millorar-el-futur-de-qui-me\u0301s-vols.jpg 1920w\" sizes=\"(max-width: 1024px) 100vw, 1024px\" \/><\/figure>\n\n\n\n<div class=\"wp-block-file\"><a id=\"wp-block-file--media-4266d0a6-c444-4362-987e-bfffef52d403\" href=\"https:\/\/fapacastello.com\/wp-content\/uploads\/2023\/10\/Manual-de-Consells-Escolars-2023.pdf\">Manual-de-Consells-Escolars-2023<\/a><a href=\"https:\/\/fapacastello.com\/wp-content\/uploads\/2023\/10\/Manual-de-Consells-Escolars-2023.pdf\" class=\"wp-block-file__button\" download aria-describedby=\"wp-block-file--media-4266d0a6-c444-4362-987e-bfffef52d403\">Descarga<\/a><\/div>\n\n\n\n<div class=\"wp-container-3 wp-block-columns\">\n<div class=\"wp-container-1 wp-block-column\">\n<h3>Funciones del Consejo Escolar<\/h3>\n\n\n\n<p>Algunas de las funciones del Consejo Escolar son las siguientes:<\/p>\n\n\n\n<ul><li>Intervenir en el nombramiento del director.<\/li><li>Aprobar los presupuestos del centro.<\/li><li>Participar en la configuraci\u00f3n del Proyecto Educativo del centro y aprobar el Plan de Centro anual.<\/li><li>Gestionar y aprobar las actividades extraescolares y las salidas l\u00fadicas y culturales.<\/li><li>Resolver cuestiones disciplinarias graves.<\/li><li>Velar por la optimitzaci\u00f3n, conservaci\u00f3n y renovaci\u00f3n de las instalaciones y equipamientos escolares.<\/li><li>Supervisar la marcha general del centro.<\/li><\/ul>\n<\/div>\n\n\n\n<div class=\"wp-container-2 wp-block-column\">\n<h3>Composici\u00f3n<\/h3>\n\n\n\n<p>Los miembros actuales del Consejo Escolar son los siguientes:<\/p>\n\n\n\n<ul><li>El director o la directora del centro, que ser\u00e1 su Presidente\/a.<\/li><li>El\/la jefe\/a de estudios.<\/li><li>Un\/a regidor\/a o representante del Ayuntamiento.<\/li><li>Un n\u00famero de profesores y profesoras que no podr\u00e1 ser inferior en un tercio del total de los componentes del Consejo.<\/li><li>Un n\u00famero de madres o padres y de alumnos\/as que no podr\u00e1 ser inferior en un tercio del total de los componentes del Consejo. Una de ellas ser\u00e1 consejera por designaci\u00f3n directa de la AMPA.<\/li><li>Un\/a representante del personal de administraci\u00f3n y servicios del centro.<\/li><li>El\/la secretario\/a del centro, que actuar\u00e1 como secretario\/a del Consejo, con voz y sin voto.<\/li><\/ul>\n\n\n\n<p>El n\u00famero total de madres\/pares, docentes y alumnas, es variable en funci\u00f3n de las unidades totales del centro educativo.<\/p>\n<\/div>\n<\/div>\n","protected":false},"excerpt":{"rendered":"<p>El Consejo Escolar es la m\u00e1xima autoridad del centro y al mismo tiempo un organismo de participaci\u00f3n democr\u00e1tica en la gesti\u00f3n y toma de decisiones. En el Consejo Escolar se encuentran representados todos los estamentos de la comunidad educativa (profesores, alumnos, padres y madres, personal no docente), que escogen a sus representantes en un proceso electoral que se celebra cada dos a\u00f1os. Preside el Consejo Escolar el director del centro y levanta acta de sus decisiones el secretario. Participan tambi\u00e9n el jefe de estudios y un representante del Ayuntamiento, adem\u00e1s de los representantes de los profesores, padres, alumnos y personal no docente. Funciones del Consejo Escolar Algunas de las funciones del Consejo Escolar son las siguientes: Intervenir en el nombramiento del director. Aprobar los presupuestos del centro. Participar en la configuraci\u00f3n del Proyecto Educativo del centro y aprobar el Plan de Centro anual. Gestionar y aprobar las actividades extraescolares y las salidas l\u00fadicas y culturales. Resolver cuestiones disciplinarias graves. Velar por la optimitzaci\u00f3n, conservaci\u00f3n y renovaci\u00f3n de las instalaciones y equipamientos escolares. Supervisar la marcha general del centro. Composici\u00f3n Los miembros actuales del Consejo Escolar son los siguientes: El director o la directora del centro, que ser\u00e1 su Presidente\/a. El\/la [&hellip;]<\/p>\n","protected":false},"author":5,"featured_media":0,"parent":0,"menu_order":0,"comment_status":"closed","ping_status":"closed","template":"","meta":[],"yoast_head":"<!-- This site is optimized with the Yoast SEO plugin v19.2 - https:\/\/yoast.com\/wordpress\/plugins\/seo\/ -->\n<title>Consejo Escolar de Centro<\/title>\n<meta name=\"robots\" content=\"index, follow, max-snippet:-1, max-image-preview:large, max-video-preview:-1\" \/>\n<link rel=\"canonical\" href=\"http:\/\/fapacastello.com\/es\/consejo-escolar-de-centro\/\" \/>\n<meta property=\"og:locale\" content=\"es_ES\" \/>\n<meta property=\"og:type\" content=\"article\" \/>\n<meta property=\"og:title\" content=\"Consejo Escolar de Centro\" \/>\n<meta property=\"og:description\" content=\"El Consejo Escolar es la m\u00e1xima autoridad del centro y al mismo tiempo un organismo de participaci\u00f3n democr\u00e1tica en la gesti\u00f3n y toma de decisiones. En el Consejo Escolar se encuentran representados todos los estamentos de la comunidad educativa (profesores, alumnos, padres y madres, personal no docente), que escogen a sus representantes en un proceso electoral que se celebra cada dos a\u00f1os. Preside el Consejo Escolar el director del centro y levanta acta de sus decisiones el secretario. Participan tambi\u00e9n el jefe de estudios y un representante del Ayuntamiento, adem\u00e1s de los representantes de los profesores, padres, alumnos y personal no docente. Funciones del Consejo Escolar Algunas de las funciones del Consejo Escolar son las siguientes: Intervenir en el nombramiento del director. Aprobar los presupuestos del centro. Participar en la configuraci\u00f3n del Proyecto Educativo del centro y aprobar el Plan de Centro anual. Gestionar y aprobar las actividades extraescolares y las salidas l\u00fadicas y culturales. Resolver cuestiones disciplinarias graves. Velar por la optimitzaci\u00f3n, conservaci\u00f3n y renovaci\u00f3n de las instalaciones y equipamientos escolares. Supervisar la marcha general del centro. Composici\u00f3n Los miembros actuales del Consejo Escolar son los siguientes: El director o la directora del centro, que ser\u00e1 su Presidente\/a. El\/la [&hellip;]\" \/>\n<meta property=\"og:url\" content=\"http:\/\/fapacastello.com\/es\/consejo-escolar-de-centro\/\" \/>\n<meta property=\"og:site_name\" content=\"FAMPA Castell\u00f3 Penyagolosa\" \/>\n<meta property=\"article:publisher\" content=\"http:\/\/www.facebook.com\/fapa.penyagolosa\" \/>\n<meta property=\"article:modified_time\" content=\"2023-10-31T10:10:55+00:00\" \/>\n<meta name=\"author\" content=\"FAMPA Castell\u00f3\" \/>\n<meta name=\"twitter:card\" content=\"summary\" \/>\n<meta name=\"twitter:site\" content=\"@FAMPACS\" \/>\n<meta name=\"twitter:label1\" content=\"Tiempo de lectura\" \/>\n\t<meta name=\"twitter:data1\" content=\"2 minutos\" \/>\n<script type=\"application\/ld+json\" class=\"yoast-schema-graph\">{\"@context\":\"https:\/\/schema.org\",\"@graph\":[{\"@type\":\"WebSite\",\"@id\":\"http:\/\/fapacastello.com\/#website\",\"url\":\"http:\/\/fapacastello.com\/\",\"name\":\"FAMPA Castell\u00f3 Penyagolosa\",\"description\":\"Fapa-Castell\u00f3n Penyagolosa. Federaci\u00f3n de Asociaciones de Padres i Madres de Alumnos Provincia de Castell\u00f3n.\",\"potentialAction\":[{\"@type\":\"SearchAction\",\"target\":{\"@type\":\"EntryPoint\",\"urlTemplate\":\"http:\/\/fapacastello.com\/?s={search_term_string}\"},\"query-input\":\"required name=search_term_string\"}],\"inLanguage\":\"es\"},{\"@type\":\"WebPage\",\"@id\":\"http:\/\/fapacastello.com\/es\/consejo-escolar-de-centro\/#webpage\",\"url\":\"http:\/\/fapacastello.com\/es\/consejo-escolar-de-centro\/\",\"name\":\"Consejo Escolar de Centro\",\"isPartOf\":{\"@id\":\"http:\/\/fapacastello.com\/#website\"},\"datePublished\":\"2016-01-22T17:42:17+00:00\",\"dateModified\":\"2023-10-31T10:10:55+00:00\",\"breadcrumb\":{\"@id\":\"http:\/\/fapacastello.com\/es\/consejo-escolar-de-centro\/#breadcrumb\"},\"inLanguage\":\"es\",\"potentialAction\":[{\"@type\":\"ReadAction\",\"target\":[\"http:\/\/fapacastello.com\/es\/consejo-escolar-de-centro\/\"]}]},{\"@type\":\"BreadcrumbList\",\"@id\":\"http:\/\/fapacastello.com\/es\/consejo-escolar-de-centro\/#breadcrumb\",\"itemListElement\":[{\"@type\":\"ListItem\",\"position\":1,\"name\":\"Portada\",\"item\":\"http:\/\/fapacastello.com\/es\/\"},{\"@type\":\"ListItem\",\"position\":2,\"name\":\"Consejo Escolar de Centro\"}]}]}<\/script>\n<!-- \/ Yoast SEO plugin. -->","yoast_head_json":{"title":"Consejo Escolar de Centro","robots":{"index":"index","follow":"follow","max-snippet":"max-snippet:-1","max-image-preview":"max-image-preview:large","max-video-preview":"max-video-preview:-1"},"canonical":"http:\/\/fapacastello.com\/es\/consejo-escolar-de-centro\/","og_locale":"es_ES","og_type":"article","og_title":"Consejo Escolar de Centro","og_description":"El Consejo Escolar es la m\u00e1xima autoridad del centro y al mismo tiempo un organismo de participaci\u00f3n democr\u00e1tica en la gesti\u00f3n y toma de decisiones. En el Consejo Escolar se encuentran representados todos los estamentos de la comunidad educativa (profesores, alumnos, padres y madres, personal no docente), que escogen a sus representantes en un proceso electoral que se celebra cada dos a\u00f1os. Preside el Consejo Escolar el director del centro y levanta acta de sus decisiones el secretario. Participan tambi\u00e9n el jefe de estudios y un representante del Ayuntamiento, adem\u00e1s de los representantes de los profesores, padres, alumnos y personal no docente. Funciones del Consejo Escolar Algunas de las funciones del Consejo Escolar son las siguientes: Intervenir en el nombramiento del director. Aprobar los presupuestos del centro. Participar en la configuraci\u00f3n del Proyecto Educativo del centro y aprobar el Plan de Centro anual. Gestionar y aprobar las actividades extraescolares y las salidas l\u00fadicas y culturales. Resolver cuestiones disciplinarias graves. Velar por la optimitzaci\u00f3n, conservaci\u00f3n y renovaci\u00f3n de las instalaciones y equipamientos escolares. Supervisar la marcha general del centro. Composici\u00f3n Los miembros actuales del Consejo Escolar son los siguientes: El director o la directora del centro, que ser\u00e1 su Presidente\/a. El\/la [&hellip;]","og_url":"http:\/\/fapacastello.com\/es\/consejo-escolar-de-centro\/","og_site_name":"FAMPA Castell\u00f3 Penyagolosa","article_publisher":"http:\/\/www.facebook.com\/fapa.penyagolosa","article_modified_time":"2023-10-31T10:10:55+00:00","author":"FAMPA Castell\u00f3","twitter_card":"summary","twitter_site":"@FAMPACS","twitter_misc":{"Tiempo de lectura":"2 minutos"},"schema":{"@context":"https:\/\/schema.org","@graph":[{"@type":"WebSite","@id":"http:\/\/fapacastello.com\/#website","url":"http:\/\/fapacastello.com\/","name":"FAMPA Castell\u00f3 Penyagolosa","description":"Fapa-Castell\u00f3n Penyagolosa. Federaci\u00f3n de Asociaciones de Padres i Madres de Alumnos Provincia de Castell\u00f3n.","potentialAction":[{"@type":"SearchAction","target":{"@type":"EntryPoint","urlTemplate":"http:\/\/fapacastello.com\/?s={search_term_string}"},"query-input":"required name=search_term_string"}],"inLanguage":"es"},{"@type":"WebPage","@id":"http:\/\/fapacastello.com\/es\/consejo-escolar-de-centro\/#webpage","url":"http:\/\/fapacastello.com\/es\/consejo-escolar-de-centro\/","name":"Consejo Escolar de Centro","isPartOf":{"@id":"http:\/\/fapacastello.com\/#website"},"datePublished":"2016-01-22T17:42:17+00:00","dateModified":"2023-10-31T10:10:55+00:00","breadcrumb":{"@id":"http:\/\/fapacastello.com\/es\/consejo-escolar-de-centro\/#breadcrumb"},"inLanguage":"es","potentialAction":[{"@type":"ReadAction","target":["http:\/\/fapacastello.com\/es\/consejo-escolar-de-centro\/"]}]},{"@type":"BreadcrumbList","@id":"http:\/\/fapacastello.com\/es\/consejo-escolar-de-centro\/#breadcrumb","itemListElement":[{"@type":"ListItem","position":1,"name":"Portada","item":"http:\/\/fapacastello.com\/es\/"},{"@type":"ListItem","position":2,"name":"Consejo Escolar de Centro"}]}]}},"_links":{"self":[{"href":"https:\/\/fapacastello.com\/es\/wp-json\/wp\/v2\/pages\/3299"}],"collection":[{"href":"https:\/\/fapacastello.com\/es\/wp-json\/wp\/v2\/pages"}],"about":[{"href":"https:\/\/fapacastello.com\/es\/wp-json\/wp\/v2\/types\/page"}],"author":[{"embeddable":true,"href":"https:\/\/fapacastello.com\/es\/wp-json\/wp\/v2\/users\/5"}],"replies":[{"embeddable":true,"href":"https:\/\/fapacastello.com\/es\/wp-json\/wp\/v2\/comments?post=3299"}],"version-history":[{"count":7,"href":"https:\/\/fapacastello.com\/es\/wp-json\/wp\/v2\/pages\/3299\/revisions"}],"predecessor-version":[{"id":11318,"href":"https:\/\/fapacastello.com\/es\/wp-json\/wp\/v2\/pages\/3299\/revisions\/11318"}],"wp:attachment":[{"href":"https:\/\/fapacastello.com\/es\/wp-json\/wp\/v2\/media?parent=3299"}],"curies":[{"name":"wp","href":"https:\/\/api.w.org\/{rel}","templated":true}]}}