

{"id":4845,"date":"2017-12-01T13:10:14","date_gmt":"2017-12-01T12:10:14","guid":{"rendered":"http:\/\/fapacastello.com\/?page_id=4845\/"},"modified":"2023-09-14T12:28:41","modified_gmt":"2023-09-14T10:28:41","slug":"cursos","status":"publish","type":"page","link":"https:\/\/fapacastello.com\/es\/cursos\/","title":{"rendered":"La FAMPA te forma 2022-2023"},"content":{"rendered":"\n<hr class=\"wp-block-separator has-alpha-channel-opacity is-style-dots\"\/>\n\n\n\n<div class=\"wp-container-2 wp-block-columns\">\n<div class=\"wp-container-1 wp-block-column\" style=\"flex-basis:100%\">\n<p style=\"font-size:17px\">A continuaci\u00f3n os dejamos un listado de los cursos y charlas que os ofrecemos para el curso 2022-2023.<\/p>\n\n\n\n<p style=\"font-size:17px\">Si vuestra AMPA est\u00e1 interesada en cualquier de ellos, pod\u00e9is contactar con nosotros por tel\u00e9fono al <strong>656 84 14 15<\/strong> o enviar un correo a <strong>formacion@fampacastello.org<\/strong>. <\/p>\n\n\n\n<p style=\"font-size:17px\">Tambi\u00e9n pod\u00e9is realizar la inscripci\u00f3n clicando el siguiente bot\u00f3n:<\/p>\n<\/div>\n<\/div>\n\n\n\n<hr class=\"wp-block-separator has-alpha-channel-opacity is-style-dots\"\/>\n\n\n\n<div class=\"wp-container-3 is-content-justification-center wp-block-buttons\">\n<div class=\"wp-block-button\"><a class=\"wp-block-button__link has-pale-pink-background-color has-background\" href=\"https:\/\/forms.gle\/uYkpPTdb6HvM5GtH6\">Inscripci\u00f3n a los cursos y talleres<\/a><\/div>\n<\/div>\n\n\n\n<hr class=\"wp-block-separator has-alpha-channel-opacity is-style-dots\"\/>\n\n\n\n<figure class=\"wp-block-image size-large\"><img loading=\"lazy\" width=\"1024\" height=\"430\" src=\"http:\/\/fapacastello.com\/wp-content\/uploads\/2022\/11\/Copia-de-Oferta-formativa-FAMPA-Castello\u0301-Penyagolosa-202223-1024x430.jpg\" alt=\"\" class=\"wp-image-8872\" srcset=\"https:\/\/fapacastello.com\/wp-content\/uploads\/2022\/11\/Copia-de-Oferta-formativa-FAMPA-Castello\u0301-Penyagolosa-202223-1024x430.jpg 1024w, https:\/\/fapacastello.com\/wp-content\/uploads\/2022\/11\/Copia-de-Oferta-formativa-FAMPA-Castello\u0301-Penyagolosa-202223-300x126.jpg 300w, https:\/\/fapacastello.com\/wp-content\/uploads\/2022\/11\/Copia-de-Oferta-formativa-FAMPA-Castello\u0301-Penyagolosa-202223-768x323.jpg 768w, https:\/\/fapacastello.com\/wp-content\/uploads\/2022\/11\/Copia-de-Oferta-formativa-FAMPA-Castello\u0301-Penyagolosa-202223-1536x645.jpg 1536w, https:\/\/fapacastello.com\/wp-content\/uploads\/2022\/11\/Copia-de-Oferta-formativa-FAMPA-Castello\u0301-Penyagolosa-202223-260x109.jpg 260w, https:\/\/fapacastello.com\/wp-content\/uploads\/2022\/11\/Copia-de-Oferta-formativa-FAMPA-Castello\u0301-Penyagolosa-202223-50x21.jpg 50w, https:\/\/fapacastello.com\/wp-content\/uploads\/2022\/11\/Copia-de-Oferta-formativa-FAMPA-Castello\u0301-Penyagolosa-202223-150x63.jpg 150w, https:\/\/fapacastello.com\/wp-content\/uploads\/2022\/11\/Copia-de-Oferta-formativa-FAMPA-Castello\u0301-Penyagolosa-202223.jpg 2000w\" sizes=\"(max-width: 1024px) 100vw, 1024px\" \/><\/figure>\n\n\n\n<hr class=\"wp-block-separator has-alpha-channel-opacity is-style-dots\"\/>\n\n\n\n<div class=\"wp-container-9 wp-block-columns\">\n<div class=\"wp-container-8 wp-block-column\" style=\"flex-basis:100%\">\n<div class=\"wp-container-7 wp-block-columns\">\n<div class=\"wp-container-4 wp-block-column\" style=\"flex-basis:50%\">\n<p style=\"font-size:18px\">Adem\u00e1s, si quer\u00e9is m\u00e1s informaci\u00f3n sobre las formaciones y los talleres, os dejamos un enlace a los <strong>v\u00eddeos<\/strong> en los que los mismos formadores\/as os explican de qu\u00e9 va cada uno: <\/p>\n<\/div>\n\n\n\n<div class=\"wp-container-6 wp-block-column\" style=\"flex-basis:50%\">\n<div class=\"wp-container-5 is-content-justification-center wp-block-buttons\">\n<div class=\"wp-block-button has-custom-font-size\" style=\"font-size:17px\"><a class=\"wp-block-button__link has-pale-pink-background-color has-background\" href=\"https:\/\/www.youtube.com\/playlist?list=PLqCXj2IzME4hpa2176zENCaucJEzrGwIV\">V\u00eddeos de los formadores\/as<\/a><\/div>\n<\/div>\n<\/div>\n<\/div>\n<\/div>\n<\/div>\n\n\n\n<hr class=\"wp-block-separator has-alpha-channel-opacity is-style-dots\"\/>\n\n\n\n<hr class=\"wp-block-separator has-alpha-channel-opacity is-style-wide\"\/>\n\n\n\n<hr class=\"wp-block-separator has-alpha-channel-opacity is-style-dots\"\/>\n\n\n\n<div class=\"wp-container-12 wp-block-columns\">\n<div class=\"wp-container-10 wp-block-column\">\n<p class=\"has-text-align-center\" style=\"font-size:17px\"><strong>Normes per a sol\u00b7licitar les formacions o els tallers<\/strong><\/p>\n\n\n\n<ul style=\"font-size:15px\"><li>Las charlas que se realizar\u00e1n durante el a\u00f1o educativo ser\u00e1n las aprobadas en los proyectos de actividades de la Confederaci\u00f3n Gonzalo&nbsp;Anaya&nbsp;y&nbsp;Fampa&nbsp;Castell\u00f3&nbsp;Penyagolosa. Ambos aprobados por sus asambleas, y se podr\u00e1n llevar a cabo en d\u00edas laborales y s\u00e1bados y en horario que favorezca la asistencia m\u00e1s grande de los padres y madres.<\/li><\/ul>\n\n\n\n<ul style=\"font-size:15px\"><li>Todas las formaciones y los talleres ser\u00e1n impartidas por los formadores de la&nbsp;FAMPA&nbsp;Castell\u00f3, y se har\u00e1n seg\u00fan la orden de llegada de solicitudes.<\/li><\/ul>\n\n\n\n<ul style=\"font-size:15px\"><li>Las AMPA solicitantes se encargar\u00e1n de la organizaci\u00f3n de la charla o jornada y tendr\u00e1n que entregar (antes de la realizaci\u00f3n de la charla) una copia de la circular que se env\u00eda a los padres\/madres para informar de la actividad a hacer, en la que consto claramente que est\u00e1 subvencionada por&nbsp;FAMPA&nbsp;Castell\u00f3&nbsp;Penyagolosa&nbsp;y el certificado del centro educativo donde se realiza la formaci\u00f3n o el taller (original, firmado por director y secretario del centro con el sello del centro).<\/li><\/ul>\n<\/div>\n\n\n\n<div class=\"wp-container-11 wp-block-column\">\n<p class=\"has-text-align-center\" style=\"font-size:17px\"><strong>M\u00e9s informaci\u00f3<\/strong><\/p>\n\n\n\n<ul style=\"font-size:15px\"><li>El objetivo es que las charlas llegan al m\u00e1ximo n\u00famero de padres, madres y\/o tutores\/se. Para garantizarlo, se establecer\u00e1 un sistema&nbsp;Interampa.<\/li><\/ul>\n\n\n\n<ul style=\"font-size:15px\"><li>Los formadores se encargar\u00e1n de llevar a cabo el control de asistencia sobre un formato de asistencia est\u00e1ndar, que contenga nombre y apellidos del asistente, AMPA y localidad.<\/li><\/ul>\n<\/div>\n<\/div>\n\n\n\n<hr class=\"wp-block-separator has-alpha-channel-opacity is-style-dots\"\/>\n","protected":false},"excerpt":{"rendered":"<p>A continuaci\u00f3n os dejamos un listado de los cursos y charlas que os ofrecemos para el curso 2022-2023. Si vuestra AMPA est\u00e1 interesada en cualquier de ellos, pod\u00e9is contactar con nosotros por tel\u00e9fono al 656 84 14 15 o enviar un correo a formacion@fampacastello.org. Tambi\u00e9n pod\u00e9is realizar la inscripci\u00f3n clicando el siguiente bot\u00f3n: Adem\u00e1s, si quer\u00e9is m\u00e1s informaci\u00f3n sobre las formaciones y los talleres, os dejamos un enlace a los v\u00eddeos en los que los mismos formadores\/as os explican de qu\u00e9 va cada uno: Normes per a sol\u00b7licitar les formacions o els tallers Las charlas que se realizar\u00e1n durante el a\u00f1o educativo ser\u00e1n las aprobadas en los proyectos de actividades de la Confederaci\u00f3n Gonzalo&nbsp;Anaya&nbsp;y&nbsp;Fampa&nbsp;Castell\u00f3&nbsp;Penyagolosa. Ambos aprobados por sus asambleas, y se podr\u00e1n llevar a cabo en d\u00edas laborales y s\u00e1bados y en horario que favorezca la asistencia m\u00e1s grande de los padres y madres. Todas las formaciones y los talleres ser\u00e1n impartidas por los formadores de la&nbsp;FAMPA&nbsp;Castell\u00f3, y se har\u00e1n seg\u00fan la orden de llegada de solicitudes. Las AMPA solicitantes se encargar\u00e1n de la organizaci\u00f3n de la charla o jornada y tendr\u00e1n que entregar (antes de la realizaci\u00f3n de la charla) una copia de la circular que se env\u00eda a [&hellip;]<\/p>\n","protected":false},"author":5,"featured_media":0,"parent":0,"menu_order":0,"comment_status":"closed","ping_status":"closed","template":"","meta":[],"yoast_head":"<!-- This site is optimized with the Yoast SEO plugin v19.2 - https:\/\/yoast.com\/wordpress\/plugins\/seo\/ -->\n<title>La FAMPA te forma 2022-2023<\/title>\n<meta name=\"robots\" content=\"index, follow, max-snippet:-1, max-image-preview:large, max-video-preview:-1\" \/>\n<link rel=\"canonical\" href=\"https:\/\/fapacastello.com\/es\/cursos\/\" \/>\n<meta property=\"og:locale\" content=\"es_ES\" \/>\n<meta property=\"og:type\" content=\"article\" \/>\n<meta property=\"og:title\" content=\"La FAMPA te forma 2022-2023\" \/>\n<meta property=\"og:description\" content=\"A continuaci\u00f3n os dejamos un listado de los cursos y charlas que os ofrecemos para el curso 2022-2023. Si vuestra AMPA est\u00e1 interesada en cualquier de ellos, pod\u00e9is contactar con nosotros por tel\u00e9fono al 656 84 14 15 o enviar un correo a formacion@fampacastello.org. Tambi\u00e9n pod\u00e9is realizar la inscripci\u00f3n clicando el siguiente bot\u00f3n: Adem\u00e1s, si quer\u00e9is m\u00e1s informaci\u00f3n sobre las formaciones y los talleres, os dejamos un enlace a los v\u00eddeos en los que los mismos formadores\/as os explican de qu\u00e9 va cada uno: Normes per a sol\u00b7licitar les formacions o els tallers Las charlas que se realizar\u00e1n durante el a\u00f1o educativo ser\u00e1n las aprobadas en los proyectos de actividades de la Confederaci\u00f3n Gonzalo&nbsp;Anaya&nbsp;y&nbsp;Fampa&nbsp;Castell\u00f3&nbsp;Penyagolosa. Ambos aprobados por sus asambleas, y se podr\u00e1n llevar a cabo en d\u00edas laborales y s\u00e1bados y en horario que favorezca la asistencia m\u00e1s grande de los padres y madres. Todas las formaciones y los talleres ser\u00e1n impartidas por los formadores de la&nbsp;FAMPA&nbsp;Castell\u00f3, y se har\u00e1n seg\u00fan la orden de llegada de solicitudes. Las AMPA solicitantes se encargar\u00e1n de la organizaci\u00f3n de la charla o jornada y tendr\u00e1n que entregar (antes de la realizaci\u00f3n de la charla) una copia de la circular que se env\u00eda a [&hellip;]\" \/>\n<meta property=\"og:url\" content=\"https:\/\/fapacastello.com\/es\/cursos\/\" \/>\n<meta property=\"og:site_name\" content=\"FAMPA Castell\u00f3 Penyagolosa\" \/>\n<meta property=\"article:publisher\" content=\"http:\/\/www.facebook.com\/fapa.penyagolosa\" \/>\n<meta property=\"article:modified_time\" content=\"2023-09-14T10:28:41+00:00\" \/>\n<meta name=\"author\" content=\"FAMPA Castell\u00f3\" \/>\n<meta name=\"twitter:card\" content=\"summary\" \/>\n<meta name=\"twitter:site\" content=\"@FAMPACS\" \/>\n<meta name=\"twitter:label1\" content=\"Tiempo de lectura\" \/>\n\t<meta name=\"twitter:data1\" content=\"2 minutos\" \/>\n<script type=\"application\/ld+json\" class=\"yoast-schema-graph\">{\"@context\":\"https:\/\/schema.org\",\"@graph\":[{\"@type\":\"WebSite\",\"@id\":\"http:\/\/fapacastello.com\/#website\",\"url\":\"http:\/\/fapacastello.com\/\",\"name\":\"FAMPA Castell\u00f3 Penyagolosa\",\"description\":\"Fapa-Castell\u00f3n Penyagolosa. Federaci\u00f3n de Asociaciones de Padres i Madres de Alumnos Provincia de Castell\u00f3n.\",\"potentialAction\":[{\"@type\":\"SearchAction\",\"target\":{\"@type\":\"EntryPoint\",\"urlTemplate\":\"http:\/\/fapacastello.com\/?s={search_term_string}\"},\"query-input\":\"required name=search_term_string\"}],\"inLanguage\":\"es\"},{\"@type\":\"WebPage\",\"@id\":\"https:\/\/fapacastello.com\/es\/cursos\/#webpage\",\"url\":\"https:\/\/fapacastello.com\/es\/cursos\/\",\"name\":\"La FAMPA te forma 2022-2023\",\"isPartOf\":{\"@id\":\"http:\/\/fapacastello.com\/#website\"},\"datePublished\":\"2017-12-01T12:10:14+00:00\",\"dateModified\":\"2023-09-14T10:28:41+00:00\",\"breadcrumb\":{\"@id\":\"https:\/\/fapacastello.com\/es\/cursos\/#breadcrumb\"},\"inLanguage\":\"es\",\"potentialAction\":[{\"@type\":\"ReadAction\",\"target\":[\"https:\/\/fapacastello.com\/es\/cursos\/\"]}]},{\"@type\":\"BreadcrumbList\",\"@id\":\"https:\/\/fapacastello.com\/es\/cursos\/#breadcrumb\",\"itemListElement\":[{\"@type\":\"ListItem\",\"position\":1,\"name\":\"Portada\",\"item\":\"https:\/\/fapacastello.com\/es\/\"},{\"@type\":\"ListItem\",\"position\":2,\"name\":\"La FAMPA te forma 2022-2023\"}]}]}<\/script>\n<!-- \/ Yoast SEO plugin. -->","yoast_head_json":{"title":"La FAMPA te forma 2022-2023","robots":{"index":"index","follow":"follow","max-snippet":"max-snippet:-1","max-image-preview":"max-image-preview:large","max-video-preview":"max-video-preview:-1"},"canonical":"https:\/\/fapacastello.com\/es\/cursos\/","og_locale":"es_ES","og_type":"article","og_title":"La FAMPA te forma 2022-2023","og_description":"A continuaci\u00f3n os dejamos un listado de los cursos y charlas que os ofrecemos para el curso 2022-2023. Si vuestra AMPA est\u00e1 interesada en cualquier de ellos, pod\u00e9is contactar con nosotros por tel\u00e9fono al 656 84 14 15 o enviar un correo a formacion@fampacastello.org. Tambi\u00e9n pod\u00e9is realizar la inscripci\u00f3n clicando el siguiente bot\u00f3n: Adem\u00e1s, si quer\u00e9is m\u00e1s informaci\u00f3n sobre las formaciones y los talleres, os dejamos un enlace a los v\u00eddeos en los que los mismos formadores\/as os explican de qu\u00e9 va cada uno: Normes per a sol\u00b7licitar les formacions o els tallers Las charlas que se realizar\u00e1n durante el a\u00f1o educativo ser\u00e1n las aprobadas en los proyectos de actividades de la Confederaci\u00f3n Gonzalo&nbsp;Anaya&nbsp;y&nbsp;Fampa&nbsp;Castell\u00f3&nbsp;Penyagolosa. Ambos aprobados por sus asambleas, y se podr\u00e1n llevar a cabo en d\u00edas laborales y s\u00e1bados y en horario que favorezca la asistencia m\u00e1s grande de los padres y madres. Todas las formaciones y los talleres ser\u00e1n impartidas por los formadores de la&nbsp;FAMPA&nbsp;Castell\u00f3, y se har\u00e1n seg\u00fan la orden de llegada de solicitudes. Las AMPA solicitantes se encargar\u00e1n de la organizaci\u00f3n de la charla o jornada y tendr\u00e1n que entregar (antes de la realizaci\u00f3n de la charla) una copia de la circular que se env\u00eda a [&hellip;]","og_url":"https:\/\/fapacastello.com\/es\/cursos\/","og_site_name":"FAMPA Castell\u00f3 Penyagolosa","article_publisher":"http:\/\/www.facebook.com\/fapa.penyagolosa","article_modified_time":"2023-09-14T10:28:41+00:00","author":"FAMPA Castell\u00f3","twitter_card":"summary","twitter_site":"@FAMPACS","twitter_misc":{"Tiempo de lectura":"2 minutos"},"schema":{"@context":"https:\/\/schema.org","@graph":[{"@type":"WebSite","@id":"http:\/\/fapacastello.com\/#website","url":"http:\/\/fapacastello.com\/","name":"FAMPA Castell\u00f3 Penyagolosa","description":"Fapa-Castell\u00f3n Penyagolosa. Federaci\u00f3n de Asociaciones de Padres i Madres de Alumnos Provincia de Castell\u00f3n.","potentialAction":[{"@type":"SearchAction","target":{"@type":"EntryPoint","urlTemplate":"http:\/\/fapacastello.com\/?s={search_term_string}"},"query-input":"required name=search_term_string"}],"inLanguage":"es"},{"@type":"WebPage","@id":"https:\/\/fapacastello.com\/es\/cursos\/#webpage","url":"https:\/\/fapacastello.com\/es\/cursos\/","name":"La FAMPA te forma 2022-2023","isPartOf":{"@id":"http:\/\/fapacastello.com\/#website"},"datePublished":"2017-12-01T12:10:14+00:00","dateModified":"2023-09-14T10:28:41+00:00","breadcrumb":{"@id":"https:\/\/fapacastello.com\/es\/cursos\/#breadcrumb"},"inLanguage":"es","potentialAction":[{"@type":"ReadAction","target":["https:\/\/fapacastello.com\/es\/cursos\/"]}]},{"@type":"BreadcrumbList","@id":"https:\/\/fapacastello.com\/es\/cursos\/#breadcrumb","itemListElement":[{"@type":"ListItem","position":1,"name":"Portada","item":"https:\/\/fapacastello.com\/es\/"},{"@type":"ListItem","position":2,"name":"La FAMPA te forma 2022-2023"}]}]}},"_links":{"self":[{"href":"https:\/\/fapacastello.com\/es\/wp-json\/wp\/v2\/pages\/4845"}],"collection":[{"href":"https:\/\/fapacastello.com\/es\/wp-json\/wp\/v2\/pages"}],"about":[{"href":"https:\/\/fapacastello.com\/es\/wp-json\/wp\/v2\/types\/page"}],"author":[{"embeddable":true,"href":"https:\/\/fapacastello.com\/es\/wp-json\/wp\/v2\/users\/5"}],"replies":[{"embeddable":true,"href":"https:\/\/fapacastello.com\/es\/wp-json\/wp\/v2\/comments?post=4845"}],"version-history":[{"count":37,"href":"https:\/\/fapacastello.com\/es\/wp-json\/wp\/v2\/pages\/4845\/revisions"}],"predecessor-version":[{"id":10817,"href":"https:\/\/fapacastello.com\/es\/wp-json\/wp\/v2\/pages\/4845\/revisions\/10817"}],"wp:attachment":[{"href":"https:\/\/fapacastello.com\/es\/wp-json\/wp\/v2\/media?parent=4845"}],"curies":[{"name":"wp","href":"https:\/\/api.w.org\/{rel}","templated":true}]}}